{"id":2334,"date":"2024-11-18T17:41:27","date_gmt":"2024-11-18T16:41:27","guid":{"rendered":"https:\/\/sanivoros.org\/tienda\/?post_type=product&#038;p=2334"},"modified":"2025-01-20T22:29:25","modified_gmt":"2025-01-20T21:29:25","slug":"anfora-terracota-con-acabado-arena-70-x-32","status":"publish","type":"product","link":"https:\/\/sanivoros.org\/tienda\/anfora-terracota-con-acabado-arena-70-x-32\/","title":{"rendered":"\u00c1nfora Terracota Artesanal con Acabado Arena Liah"},"content":{"rendered":"","protected":false},"excerpt":{"rendered":"<p>REFERENCIA: JARRON LIAH<\/p>\n<p>&nbsp;<\/p>\n<p>Esta \u00e1nfora de 32x32x70 cm es una pieza de terracota impresionante que agregar\u00e1 un toque de elegancia y encanto a cualquier espacio. Con su forma tradicional y su acabado, es perfecta para decorar su hogar, jard\u00edn o patio.<\/p>\n<p>&nbsp;<\/p>\n","protected":false},"featured_media":3657,"comment_status":"closed","ping_status":"closed","template":"","meta":{"_acf_changed":false},"product_cat":[60,61],"product_tag":[],"class_list":{"0":"post-2334","1":"product","2":"type-product","3":"status-publish","4":"has-post-thumbnail","6":"product_cat-decoracion","7":"product_cat-todos-los-productos","9":"first","10":"instock","11":"taxable","12":"shipping-taxable","13":"purchasable","14":"product-type-simple"},"acf":[],"yoast_head":"<!-- This site is optimized with the Yoast SEO plugin v24.5 - https:\/\/yoast.com\/wordpress\/plugins\/seo\/ -->\n<title>\u00c1nfora Terracota Artesanal con Acabado Arena Liah - Sanivoros<\/title>\n<meta name=\"robots\" content=\"index, follow, max-snippet:-1, max-image-preview:large, max-video-preview:-1\" \/>\n<link rel=\"canonical\" href=\"https:\/\/sanivoros.org\/tienda\/anfora-terracota-con-acabado-arena-70-x-32\/\" \/>\n<meta property=\"og:locale\" content=\"es_ES\" \/>\n<meta property=\"og:type\" content=\"article\" \/>\n<meta property=\"og:title\" content=\"\u00c1nfora Terracota Artesanal con Acabado Arena Liah - Sanivoros\" \/>\n<meta property=\"og:description\" content=\"REFERENCIA: JARRON LIAH  &nbsp;  Esta \u00e1nfora de 32x32x70 cm es una pieza de terracota impresionante que agregar\u00e1 un toque de elegancia y encanto a cualquier espacio. Con su forma tradicional y su acabado, es perfecta para decorar su hogar, jard\u00edn o patio.  &nbsp;\" \/>\n<meta property=\"og:url\" content=\"https:\/\/sanivoros.org\/tienda\/anfora-terracota-con-acabado-arena-70-x-32\/\" \/>\n<meta property=\"og:site_name\" content=\"Sanivoros\" \/>\n<meta property=\"article:modified_time\" content=\"2025-01-20T21:29:25+00:00\" \/>\n<meta property=\"og:image\" content=\"https:\/\/sanivoros.org\/tienda\/wp-content\/uploads\/2024\/11\/Anfora-Terracota-con-Acabado-Arena-70-x-32.jpg\" \/>\n\t<meta property=\"og:image:width\" content=\"1750\" \/>\n\t<meta property=\"og:image:height\" content=\"1750\" \/>\n\t<meta property=\"og:image:type\" content=\"image\/jpeg\" \/>\n<meta name=\"twitter:card\" content=\"summary_large_image\" \/>\n<meta name=\"twitter:label1\" content=\"Tiempo de lectura\" \/>\n\t<meta name=\"twitter:data1\" content=\"1 minuto\" \/>\n<script type=\"application\/ld+json\" class=\"yoast-schema-graph\">{\"@context\":\"https:\/\/schema.org\",\"@graph\":[{\"@type\":\"WebPage\",\"@id\":\"https:\/\/sanivoros.org\/tienda\/anfora-terracota-con-acabado-arena-70-x-32\/\",\"url\":\"https:\/\/sanivoros.org\/tienda\/anfora-terracota-con-acabado-arena-70-x-32\/\",\"name\":\"\u00c1nfora Terracota Artesanal con Acabado Arena Liah - Sanivoros\",\"isPartOf\":{\"@id\":\"https:\/\/sanivoros.org\/tienda\/#website\"},\"primaryImageOfPage\":{\"@id\":\"https:\/\/sanivoros.org\/tienda\/anfora-terracota-con-acabado-arena-70-x-32\/#primaryimage\"},\"image\":{\"@id\":\"https:\/\/sanivoros.org\/tienda\/anfora-terracota-con-acabado-arena-70-x-32\/#primaryimage\"},\"thumbnailUrl\":\"https:\/\/sanivoros.org\/tienda\/wp-content\/uploads\/2024\/11\/Anfora-Terracota-con-Acabado-Arena-70-x-32.jpg\",\"datePublished\":\"2024-11-18T16:41:27+00:00\",\"dateModified\":\"2025-01-20T21:29:25+00:00\",\"breadcrumb\":{\"@id\":\"https:\/\/sanivoros.org\/tienda\/anfora-terracota-con-acabado-arena-70-x-32\/#breadcrumb\"},\"inLanguage\":\"es\",\"potentialAction\":[{\"@type\":\"ReadAction\",\"target\":[\"https:\/\/sanivoros.org\/tienda\/anfora-terracota-con-acabado-arena-70-x-32\/\"]}]},{\"@type\":\"ImageObject\",\"inLanguage\":\"es\",\"@id\":\"https:\/\/sanivoros.org\/tienda\/anfora-terracota-con-acabado-arena-70-x-32\/#primaryimage\",\"url\":\"https:\/\/sanivoros.org\/tienda\/wp-content\/uploads\/2024\/11\/Anfora-Terracota-con-Acabado-Arena-70-x-32.jpg\",\"contentUrl\":\"https:\/\/sanivoros.org\/tienda\/wp-content\/uploads\/2024\/11\/Anfora-Terracota-con-Acabado-Arena-70-x-32.jpg\",\"width\":1750,\"height\":1750},{\"@type\":\"BreadcrumbList\",\"@id\":\"https:\/\/sanivoros.org\/tienda\/anfora-terracota-con-acabado-arena-70-x-32\/#breadcrumb\",\"itemListElement\":[{\"@type\":\"ListItem\",\"position\":1,\"name\":\"Portada\",\"item\":\"https:\/\/sanivoros.org\/tienda\/\"},{\"@type\":\"ListItem\",\"position\":2,\"name\":\"Tienda\",\"item\":\"https:\/\/sanivoros.org\/tienda\/tienda\/\"},{\"@type\":\"ListItem\",\"position\":3,\"name\":\"Decoraci\u00f3n\",\"item\":\"https:\/\/sanivoros.org\/tienda\/decoracion\/\"},{\"@type\":\"ListItem\",\"position\":4,\"name\":\"\u00c1nfora Terracota Artesanal con Acabado Arena Liah\"}]},{\"@type\":\"WebSite\",\"@id\":\"https:\/\/sanivoros.org\/tienda\/#website\",\"url\":\"https:\/\/sanivoros.org\/tienda\/\",\"name\":\"Sanivoros\",\"description\":\"\",\"publisher\":{\"@id\":\"https:\/\/sanivoros.org\/tienda\/#organization\"},\"potentialAction\":[{\"@type\":\"SearchAction\",\"target\":{\"@type\":\"EntryPoint\",\"urlTemplate\":\"https:\/\/sanivoros.org\/tienda\/?s={search_term_string}\"},\"query-input\":{\"@type\":\"PropertyValueSpecification\",\"valueRequired\":true,\"valueName\":\"search_term_string\"}}],\"inLanguage\":\"es\"},{\"@type\":\"Organization\",\"@id\":\"https:\/\/sanivoros.org\/tienda\/#organization\",\"name\":\"Sanivoros\",\"url\":\"https:\/\/sanivoros.org\/tienda\/\",\"logo\":{\"@type\":\"ImageObject\",\"inLanguage\":\"es\",\"@id\":\"https:\/\/sanivoros.org\/tienda\/#\/schema\/logo\/image\/\",\"url\":\"https:\/\/sanivoros.org\/tienda\/wp-content\/uploads\/2024\/11\/Sanivoros-logo-retina.png\",\"contentUrl\":\"https:\/\/sanivoros.org\/tienda\/wp-content\/uploads\/2024\/11\/Sanivoros-logo-retina.png\",\"width\":908,\"height\":286,\"caption\":\"Sanivoros\"},\"image\":{\"@id\":\"https:\/\/sanivoros.org\/tienda\/#\/schema\/logo\/image\/\"}}]}<\/script>\n<!-- \/ Yoast SEO plugin. -->","yoast_head_json":{"title":"\u00c1nfora Terracota Artesanal con Acabado Arena Liah - Sanivoros","robots":{"index":"index","follow":"follow","max-snippet":"max-snippet:-1","max-image-preview":"max-image-preview:large","max-video-preview":"max-video-preview:-1"},"canonical":"https:\/\/sanivoros.org\/tienda\/anfora-terracota-con-acabado-arena-70-x-32\/","og_locale":"es_ES","og_type":"article","og_title":"\u00c1nfora Terracota Artesanal con Acabado Arena Liah - Sanivoros","og_description":"REFERENCIA: JARRON LIAH  &nbsp;  Esta \u00e1nfora de 32x32x70 cm es una pieza de terracota impresionante que agregar\u00e1 un toque de elegancia y encanto a cualquier espacio. Con su forma tradicional y su acabado, es perfecta para decorar su hogar, jard\u00edn o patio.  &nbsp;","og_url":"https:\/\/sanivoros.org\/tienda\/anfora-terracota-con-acabado-arena-70-x-32\/","og_site_name":"Sanivoros","article_modified_time":"2025-01-20T21:29:25+00:00","og_image":[{"width":1750,"height":1750,"url":"https:\/\/sanivoros.org\/tienda\/wp-content\/uploads\/2024\/11\/Anfora-Terracota-con-Acabado-Arena-70-x-32.jpg","type":"image\/jpeg"}],"twitter_card":"summary_large_image","twitter_misc":{"Tiempo de lectura":"1 minuto"},"schema":{"@context":"https:\/\/schema.org","@graph":[{"@type":"WebPage","@id":"https:\/\/sanivoros.org\/tienda\/anfora-terracota-con-acabado-arena-70-x-32\/","url":"https:\/\/sanivoros.org\/tienda\/anfora-terracota-con-acabado-arena-70-x-32\/","name":"\u00c1nfora Terracota Artesanal con Acabado Arena Liah - Sanivoros","isPartOf":{"@id":"https:\/\/sanivoros.org\/tienda\/#website"},"primaryImageOfPage":{"@id":"https:\/\/sanivoros.org\/tienda\/anfora-terracota-con-acabado-arena-70-x-32\/#primaryimage"},"image":{"@id":"https:\/\/sanivoros.org\/tienda\/anfora-terracota-con-acabado-arena-70-x-32\/#primaryimage"},"thumbnailUrl":"https:\/\/sanivoros.org\/tienda\/wp-content\/uploads\/2024\/11\/Anfora-Terracota-con-Acabado-Arena-70-x-32.jpg","datePublished":"2024-11-18T16:41:27+00:00","dateModified":"2025-01-20T21:29:25+00:00","breadcrumb":{"@id":"https:\/\/sanivoros.org\/tienda\/anfora-terracota-con-acabado-arena-70-x-32\/#breadcrumb"},"inLanguage":"es","potentialAction":[{"@type":"ReadAction","target":["https:\/\/sanivoros.org\/tienda\/anfora-terracota-con-acabado-arena-70-x-32\/"]}]},{"@type":"ImageObject","inLanguage":"es","@id":"https:\/\/sanivoros.org\/tienda\/anfora-terracota-con-acabado-arena-70-x-32\/#primaryimage","url":"https:\/\/sanivoros.org\/tienda\/wp-content\/uploads\/2024\/11\/Anfora-Terracota-con-Acabado-Arena-70-x-32.jpg","contentUrl":"https:\/\/sanivoros.org\/tienda\/wp-content\/uploads\/2024\/11\/Anfora-Terracota-con-Acabado-Arena-70-x-32.jpg","width":1750,"height":1750},{"@type":"BreadcrumbList","@id":"https:\/\/sanivoros.org\/tienda\/anfora-terracota-con-acabado-arena-70-x-32\/#breadcrumb","itemListElement":[{"@type":"ListItem","position":1,"name":"Portada","item":"https:\/\/sanivoros.org\/tienda\/"},{"@type":"ListItem","position":2,"name":"Tienda","item":"https:\/\/sanivoros.org\/tienda\/tienda\/"},{"@type":"ListItem","position":3,"name":"Decoraci\u00f3n","item":"https:\/\/sanivoros.org\/tienda\/decoracion\/"},{"@type":"ListItem","position":4,"name":"\u00c1nfora Terracota Artesanal con Acabado Arena Liah"}]},{"@type":"WebSite","@id":"https:\/\/sanivoros.org\/tienda\/#website","url":"https:\/\/sanivoros.org\/tienda\/","name":"Sanivoros","description":"","publisher":{"@id":"https:\/\/sanivoros.org\/tienda\/#organization"},"potentialAction":[{"@type":"SearchAction","target":{"@type":"EntryPoint","urlTemplate":"https:\/\/sanivoros.org\/tienda\/?s={search_term_string}"},"query-input":{"@type":"PropertyValueSpecification","valueRequired":true,"valueName":"search_term_string"}}],"inLanguage":"es"},{"@type":"Organization","@id":"https:\/\/sanivoros.org\/tienda\/#organization","name":"Sanivoros","url":"https:\/\/sanivoros.org\/tienda\/","logo":{"@type":"ImageObject","inLanguage":"es","@id":"https:\/\/sanivoros.org\/tienda\/#\/schema\/logo\/image\/","url":"https:\/\/sanivoros.org\/tienda\/wp-content\/uploads\/2024\/11\/Sanivoros-logo-retina.png","contentUrl":"https:\/\/sanivoros.org\/tienda\/wp-content\/uploads\/2024\/11\/Sanivoros-logo-retina.png","width":908,"height":286,"caption":"Sanivoros"},"image":{"@id":"https:\/\/sanivoros.org\/tienda\/#\/schema\/logo\/image\/"}}]}},"publishpress_future_action":{"enabled":false,"date":"2026-04-22 09:44:33","action":"change-status","newStatus":"draft","terms":[],"taxonomy":"product_type"},"publishpress_future_workflow_manual_trigger":{"enabledWorkflows":[]},"_links":{"self":[{"href":"https:\/\/sanivoros.org\/tienda\/wp-json\/wp\/v2\/product\/2334","targetHints":{"allow":["GET"]}}],"collection":[{"href":"https:\/\/sanivoros.org\/tienda\/wp-json\/wp\/v2\/product"}],"about":[{"href":"https:\/\/sanivoros.org\/tienda\/wp-json\/wp\/v2\/types\/product"}],"replies":[{"embeddable":true,"href":"https:\/\/sanivoros.org\/tienda\/wp-json\/wp\/v2\/comments?post=2334"}],"wp:featuredmedia":[{"embeddable":true,"href":"https:\/\/sanivoros.org\/tienda\/wp-json\/wp\/v2\/media\/3657"}],"wp:attachment":[{"href":"https:\/\/sanivoros.org\/tienda\/wp-json\/wp\/v2\/media?parent=2334"}],"wp:term":[{"taxonomy":"product_cat","embeddable":true,"href":"https:\/\/sanivoros.org\/tienda\/wp-json\/wp\/v2\/product_cat?post=2334"},{"taxonomy":"product_tag","embeddable":true,"href":"https:\/\/sanivoros.org\/tienda\/wp-json\/wp\/v2\/product_tag?post=2334"}],"curies":[{"name":"wp","href":"https:\/\/api.w.org\/{rel}","templated":true}]}}