{"id":2273,"date":"2024-11-18T17:40:46","date_gmt":"2024-11-18T16:40:46","guid":{"rendered":"https:\/\/sanivoros.org\/tienda\/?post_type=product&#038;p=2273"},"modified":"2025-01-17T19:55:06","modified_gmt":"2025-01-17T18:55:06","slug":"jarron-de-ceramica-artesanal-organico-24-cm","status":"publish","type":"product","link":"https:\/\/sanivoros.org\/tienda\/jarron-de-ceramica-artesanal-organico-24-cm\/","title":{"rendered":"Jarr\u00f3n de Cer\u00e1mica Artesanal Org\u00e1nico"},"content":{"rendered":"","protected":false},"excerpt":{"rendered":"<p><span style=\"font-weight: 400\">REFERENCIA: JR-212422<\/span><\/p>\n<p>&nbsp;<\/p>\n<p>Este jarr\u00f3n decorativo de sobremesa con forma de tinaja es ideal para colocar en la estanter\u00eda o la repisa. Su blanco y forma irregular evocan la autenticidad costera del Mediterr\u00e1neo. Aporta car\u00e1cter y funcionalidad, mientras que su dise\u00f1o artesanal refleja la diversidad org\u00e1nica. Se puede combinar con flores secas, en solitario o con otros jarrones de la colecci\u00f3n.<\/p>\n","protected":false},"featured_media":3684,"comment_status":"closed","ping_status":"closed","template":"","meta":{"_acf_changed":false},"product_cat":[60,61],"product_tag":[],"class_list":{"0":"post-2273","1":"product","2":"type-product","3":"status-publish","4":"has-post-thumbnail","6":"product_cat-decoracion","7":"product_cat-todos-los-productos","9":"first","10":"instock","11":"featured","12":"taxable","13":"shipping-taxable","14":"purchasable","15":"product-type-simple"},"acf":[],"yoast_head":"<!-- This site is optimized with the Yoast SEO plugin v24.5 - https:\/\/yoast.com\/wordpress\/plugins\/seo\/ -->\n<title>Jarr\u00f3n de Cer\u00e1mica Artesanal Org\u00e1nico - Sanivoros<\/title>\n<meta name=\"robots\" content=\"index, follow, max-snippet:-1, max-image-preview:large, max-video-preview:-1\" \/>\n<link rel=\"canonical\" href=\"https:\/\/sanivoros.org\/tienda\/jarron-de-ceramica-artesanal-organico-24-cm\/\" \/>\n<meta property=\"og:locale\" content=\"es_ES\" \/>\n<meta property=\"og:type\" content=\"article\" \/>\n<meta property=\"og:title\" content=\"Jarr\u00f3n de Cer\u00e1mica Artesanal Org\u00e1nico - Sanivoros\" \/>\n<meta property=\"og:description\" content=\"REFERENCIA: JR-212422  &nbsp;  Este jarr\u00f3n decorativo de sobremesa con forma de tinaja es ideal para colocar en la estanter\u00eda o la repisa. Su blanco y forma irregular evocan la autenticidad costera del Mediterr\u00e1neo. Aporta car\u00e1cter y funcionalidad, mientras que su dise\u00f1o artesanal refleja la diversidad org\u00e1nica. Se puede combinar con flores secas, en solitario o con otros jarrones de la colecci\u00f3n.\" \/>\n<meta property=\"og:url\" content=\"https:\/\/sanivoros.org\/tienda\/jarron-de-ceramica-artesanal-organico-24-cm\/\" \/>\n<meta property=\"og:site_name\" content=\"Sanivoros\" \/>\n<meta property=\"article:modified_time\" content=\"2025-01-17T18:55:06+00:00\" \/>\n<meta property=\"og:image\" content=\"https:\/\/sanivoros.org\/tienda\/wp-content\/uploads\/2024\/11\/Jarron-de-Ceramica-Artesanal-Organico-24-cm.jpg\" \/>\n\t<meta property=\"og:image:width\" content=\"1920\" \/>\n\t<meta property=\"og:image:height\" content=\"1920\" \/>\n\t<meta property=\"og:image:type\" content=\"image\/jpeg\" \/>\n<meta name=\"twitter:card\" content=\"summary_large_image\" \/>\n<meta name=\"twitter:label1\" content=\"Tiempo de lectura\" \/>\n\t<meta name=\"twitter:data1\" content=\"1 minuto\" \/>\n<script type=\"application\/ld+json\" class=\"yoast-schema-graph\">{\"@context\":\"https:\/\/schema.org\",\"@graph\":[{\"@type\":\"WebPage\",\"@id\":\"https:\/\/sanivoros.org\/tienda\/jarron-de-ceramica-artesanal-organico-24-cm\/\",\"url\":\"https:\/\/sanivoros.org\/tienda\/jarron-de-ceramica-artesanal-organico-24-cm\/\",\"name\":\"Jarr\u00f3n de Cer\u00e1mica Artesanal Org\u00e1nico - Sanivoros\",\"isPartOf\":{\"@id\":\"https:\/\/sanivoros.org\/tienda\/#website\"},\"primaryImageOfPage\":{\"@id\":\"https:\/\/sanivoros.org\/tienda\/jarron-de-ceramica-artesanal-organico-24-cm\/#primaryimage\"},\"image\":{\"@id\":\"https:\/\/sanivoros.org\/tienda\/jarron-de-ceramica-artesanal-organico-24-cm\/#primaryimage\"},\"thumbnailUrl\":\"https:\/\/sanivoros.org\/tienda\/wp-content\/uploads\/2024\/11\/Jarron-de-Ceramica-Artesanal-Organico-24-cm.jpg\",\"datePublished\":\"2024-11-18T16:40:46+00:00\",\"dateModified\":\"2025-01-17T18:55:06+00:00\",\"breadcrumb\":{\"@id\":\"https:\/\/sanivoros.org\/tienda\/jarron-de-ceramica-artesanal-organico-24-cm\/#breadcrumb\"},\"inLanguage\":\"es\",\"potentialAction\":[{\"@type\":\"ReadAction\",\"target\":[\"https:\/\/sanivoros.org\/tienda\/jarron-de-ceramica-artesanal-organico-24-cm\/\"]}]},{\"@type\":\"ImageObject\",\"inLanguage\":\"es\",\"@id\":\"https:\/\/sanivoros.org\/tienda\/jarron-de-ceramica-artesanal-organico-24-cm\/#primaryimage\",\"url\":\"https:\/\/sanivoros.org\/tienda\/wp-content\/uploads\/2024\/11\/Jarron-de-Ceramica-Artesanal-Organico-24-cm.jpg\",\"contentUrl\":\"https:\/\/sanivoros.org\/tienda\/wp-content\/uploads\/2024\/11\/Jarron-de-Ceramica-Artesanal-Organico-24-cm.jpg\",\"width\":1920,\"height\":1920},{\"@type\":\"BreadcrumbList\",\"@id\":\"https:\/\/sanivoros.org\/tienda\/jarron-de-ceramica-artesanal-organico-24-cm\/#breadcrumb\",\"itemListElement\":[{\"@type\":\"ListItem\",\"position\":1,\"name\":\"Portada\",\"item\":\"https:\/\/sanivoros.org\/tienda\/\"},{\"@type\":\"ListItem\",\"position\":2,\"name\":\"Tienda\",\"item\":\"https:\/\/sanivoros.org\/tienda\/tienda\/\"},{\"@type\":\"ListItem\",\"position\":3,\"name\":\"Decoraci\u00f3n\",\"item\":\"https:\/\/sanivoros.org\/tienda\/decoracion\/\"},{\"@type\":\"ListItem\",\"position\":4,\"name\":\"Jarr\u00f3n de Cer\u00e1mica Artesanal Org\u00e1nico\"}]},{\"@type\":\"WebSite\",\"@id\":\"https:\/\/sanivoros.org\/tienda\/#website\",\"url\":\"https:\/\/sanivoros.org\/tienda\/\",\"name\":\"Sanivoros\",\"description\":\"\",\"publisher\":{\"@id\":\"https:\/\/sanivoros.org\/tienda\/#organization\"},\"potentialAction\":[{\"@type\":\"SearchAction\",\"target\":{\"@type\":\"EntryPoint\",\"urlTemplate\":\"https:\/\/sanivoros.org\/tienda\/?s={search_term_string}\"},\"query-input\":{\"@type\":\"PropertyValueSpecification\",\"valueRequired\":true,\"valueName\":\"search_term_string\"}}],\"inLanguage\":\"es\"},{\"@type\":\"Organization\",\"@id\":\"https:\/\/sanivoros.org\/tienda\/#organization\",\"name\":\"Sanivoros\",\"url\":\"https:\/\/sanivoros.org\/tienda\/\",\"logo\":{\"@type\":\"ImageObject\",\"inLanguage\":\"es\",\"@id\":\"https:\/\/sanivoros.org\/tienda\/#\/schema\/logo\/image\/\",\"url\":\"https:\/\/sanivoros.org\/tienda\/wp-content\/uploads\/2024\/11\/Sanivoros-logo-retina.png\",\"contentUrl\":\"https:\/\/sanivoros.org\/tienda\/wp-content\/uploads\/2024\/11\/Sanivoros-logo-retina.png\",\"width\":908,\"height\":286,\"caption\":\"Sanivoros\"},\"image\":{\"@id\":\"https:\/\/sanivoros.org\/tienda\/#\/schema\/logo\/image\/\"}}]}<\/script>\n<!-- \/ Yoast SEO plugin. -->","yoast_head_json":{"title":"Jarr\u00f3n de Cer\u00e1mica Artesanal Org\u00e1nico - Sanivoros","robots":{"index":"index","follow":"follow","max-snippet":"max-snippet:-1","max-image-preview":"max-image-preview:large","max-video-preview":"max-video-preview:-1"},"canonical":"https:\/\/sanivoros.org\/tienda\/jarron-de-ceramica-artesanal-organico-24-cm\/","og_locale":"es_ES","og_type":"article","og_title":"Jarr\u00f3n de Cer\u00e1mica Artesanal Org\u00e1nico - Sanivoros","og_description":"REFERENCIA: JR-212422  &nbsp;  Este jarr\u00f3n decorativo de sobremesa con forma de tinaja es ideal para colocar en la estanter\u00eda o la repisa. Su blanco y forma irregular evocan la autenticidad costera del Mediterr\u00e1neo. Aporta car\u00e1cter y funcionalidad, mientras que su dise\u00f1o artesanal refleja la diversidad org\u00e1nica. Se puede combinar con flores secas, en solitario o con otros jarrones de la colecci\u00f3n.","og_url":"https:\/\/sanivoros.org\/tienda\/jarron-de-ceramica-artesanal-organico-24-cm\/","og_site_name":"Sanivoros","article_modified_time":"2025-01-17T18:55:06+00:00","og_image":[{"width":1920,"height":1920,"url":"https:\/\/sanivoros.org\/tienda\/wp-content\/uploads\/2024\/11\/Jarron-de-Ceramica-Artesanal-Organico-24-cm.jpg","type":"image\/jpeg"}],"twitter_card":"summary_large_image","twitter_misc":{"Tiempo de lectura":"1 minuto"},"schema":{"@context":"https:\/\/schema.org","@graph":[{"@type":"WebPage","@id":"https:\/\/sanivoros.org\/tienda\/jarron-de-ceramica-artesanal-organico-24-cm\/","url":"https:\/\/sanivoros.org\/tienda\/jarron-de-ceramica-artesanal-organico-24-cm\/","name":"Jarr\u00f3n de Cer\u00e1mica Artesanal Org\u00e1nico - Sanivoros","isPartOf":{"@id":"https:\/\/sanivoros.org\/tienda\/#website"},"primaryImageOfPage":{"@id":"https:\/\/sanivoros.org\/tienda\/jarron-de-ceramica-artesanal-organico-24-cm\/#primaryimage"},"image":{"@id":"https:\/\/sanivoros.org\/tienda\/jarron-de-ceramica-artesanal-organico-24-cm\/#primaryimage"},"thumbnailUrl":"https:\/\/sanivoros.org\/tienda\/wp-content\/uploads\/2024\/11\/Jarron-de-Ceramica-Artesanal-Organico-24-cm.jpg","datePublished":"2024-11-18T16:40:46+00:00","dateModified":"2025-01-17T18:55:06+00:00","breadcrumb":{"@id":"https:\/\/sanivoros.org\/tienda\/jarron-de-ceramica-artesanal-organico-24-cm\/#breadcrumb"},"inLanguage":"es","potentialAction":[{"@type":"ReadAction","target":["https:\/\/sanivoros.org\/tienda\/jarron-de-ceramica-artesanal-organico-24-cm\/"]}]},{"@type":"ImageObject","inLanguage":"es","@id":"https:\/\/sanivoros.org\/tienda\/jarron-de-ceramica-artesanal-organico-24-cm\/#primaryimage","url":"https:\/\/sanivoros.org\/tienda\/wp-content\/uploads\/2024\/11\/Jarron-de-Ceramica-Artesanal-Organico-24-cm.jpg","contentUrl":"https:\/\/sanivoros.org\/tienda\/wp-content\/uploads\/2024\/11\/Jarron-de-Ceramica-Artesanal-Organico-24-cm.jpg","width":1920,"height":1920},{"@type":"BreadcrumbList","@id":"https:\/\/sanivoros.org\/tienda\/jarron-de-ceramica-artesanal-organico-24-cm\/#breadcrumb","itemListElement":[{"@type":"ListItem","position":1,"name":"Portada","item":"https:\/\/sanivoros.org\/tienda\/"},{"@type":"ListItem","position":2,"name":"Tienda","item":"https:\/\/sanivoros.org\/tienda\/tienda\/"},{"@type":"ListItem","position":3,"name":"Decoraci\u00f3n","item":"https:\/\/sanivoros.org\/tienda\/decoracion\/"},{"@type":"ListItem","position":4,"name":"Jarr\u00f3n de Cer\u00e1mica Artesanal Org\u00e1nico"}]},{"@type":"WebSite","@id":"https:\/\/sanivoros.org\/tienda\/#website","url":"https:\/\/sanivoros.org\/tienda\/","name":"Sanivoros","description":"","publisher":{"@id":"https:\/\/sanivoros.org\/tienda\/#organization"},"potentialAction":[{"@type":"SearchAction","target":{"@type":"EntryPoint","urlTemplate":"https:\/\/sanivoros.org\/tienda\/?s={search_term_string}"},"query-input":{"@type":"PropertyValueSpecification","valueRequired":true,"valueName":"search_term_string"}}],"inLanguage":"es"},{"@type":"Organization","@id":"https:\/\/sanivoros.org\/tienda\/#organization","name":"Sanivoros","url":"https:\/\/sanivoros.org\/tienda\/","logo":{"@type":"ImageObject","inLanguage":"es","@id":"https:\/\/sanivoros.org\/tienda\/#\/schema\/logo\/image\/","url":"https:\/\/sanivoros.org\/tienda\/wp-content\/uploads\/2024\/11\/Sanivoros-logo-retina.png","contentUrl":"https:\/\/sanivoros.org\/tienda\/wp-content\/uploads\/2024\/11\/Sanivoros-logo-retina.png","width":908,"height":286,"caption":"Sanivoros"},"image":{"@id":"https:\/\/sanivoros.org\/tienda\/#\/schema\/logo\/image\/"}}]}},"publishpress_future_action":{"enabled":false,"date":"2026-04-12 16:05:44","action":"change-status","newStatus":"draft","terms":[],"taxonomy":"product_type"},"publishpress_future_workflow_manual_trigger":{"enabledWorkflows":[]},"_links":{"self":[{"href":"https:\/\/sanivoros.org\/tienda\/wp-json\/wp\/v2\/product\/2273","targetHints":{"allow":["GET"]}}],"collection":[{"href":"https:\/\/sanivoros.org\/tienda\/wp-json\/wp\/v2\/product"}],"about":[{"href":"https:\/\/sanivoros.org\/tienda\/wp-json\/wp\/v2\/types\/product"}],"replies":[{"embeddable":true,"href":"https:\/\/sanivoros.org\/tienda\/wp-json\/wp\/v2\/comments?post=2273"}],"wp:featuredmedia":[{"embeddable":true,"href":"https:\/\/sanivoros.org\/tienda\/wp-json\/wp\/v2\/media\/3684"}],"wp:attachment":[{"href":"https:\/\/sanivoros.org\/tienda\/wp-json\/wp\/v2\/media?parent=2273"}],"wp:term":[{"taxonomy":"product_cat","embeddable":true,"href":"https:\/\/sanivoros.org\/tienda\/wp-json\/wp\/v2\/product_cat?post=2273"},{"taxonomy":"product_tag","embeddable":true,"href":"https:\/\/sanivoros.org\/tienda\/wp-json\/wp\/v2\/product_tag?post=2273"}],"curies":[{"name":"wp","href":"https:\/\/api.w.org\/{rel}","templated":true}]}}