{"id":2143,"date":"2024-11-18T17:39:28","date_gmt":"2024-11-18T16:39:28","guid":{"rendered":"https:\/\/sanivoros.org\/tienda\/?post_type=product&#038;p=2143"},"modified":"2025-02-13T17:31:22","modified_gmt":"2025-02-13T16:31:22","slug":"cesta-redonda-trenzada-de-ratan","status":"publish","type":"product","link":"https:\/\/sanivoros.org\/tienda\/cesta-redonda-trenzada-de-ratan\/","title":{"rendered":"Cesta Redonda Trenzada de Rat\u00e1n"},"content":{"rendered":"","protected":false},"excerpt":{"rendered":"<p>REFERENCIA: PA73208<\/p>\n<p>&nbsp;<\/p>\n<p>La cesta redonda fabricada con rat\u00e1n trenzado es una combinaci\u00f3n de practicidad y estilo. Con capacidad para 8 litros, agrega sofisticaci\u00f3n natural a cualquier espacio. El rat\u00e1n trenzado es un material duradero que aporta encanto r\u00fastico. Se trata de un producto vers\u00e1til, ideal para diversos usos y ambientes.<\/p>\n","protected":false},"featured_media":3839,"comment_status":"closed","ping_status":"closed","template":"","meta":{"_acf_changed":false},"product_cat":[148,60,66,61],"product_tag":[],"class_list":{"0":"post-2143","1":"product","2":"type-product","3":"status-publish","4":"has-post-thumbnail","6":"product_cat-almacenaje","7":"product_cat-decoracion","8":"product_cat-destacados-tienda","9":"product_cat-todos-los-productos","11":"first","12":"instock","13":"taxable","14":"shipping-taxable","15":"purchasable","16":"product-type-simple"},"acf":[],"yoast_head":"<!-- This site is optimized with the Yoast SEO plugin v24.5 - https:\/\/yoast.com\/wordpress\/plugins\/seo\/ -->\n<title>Cesta Redonda Trenzada de Rat\u00e1n - Sanivoros<\/title>\n<meta name=\"robots\" content=\"index, follow, max-snippet:-1, max-image-preview:large, max-video-preview:-1\" \/>\n<link rel=\"canonical\" href=\"https:\/\/sanivoros.org\/tienda\/cesta-redonda-trenzada-de-ratan\/\" \/>\n<meta property=\"og:locale\" content=\"es_ES\" \/>\n<meta property=\"og:type\" content=\"article\" \/>\n<meta property=\"og:title\" content=\"Cesta Redonda Trenzada de Rat\u00e1n - Sanivoros\" \/>\n<meta property=\"og:description\" content=\"REFERENCIA: PA73208  &nbsp;  La cesta redonda fabricada con rat\u00e1n trenzado es una combinaci\u00f3n de practicidad y estilo. Con capacidad para 8 litros, agrega sofisticaci\u00f3n natural a cualquier espacio. El rat\u00e1n trenzado es un material duradero que aporta encanto r\u00fastico. Se trata de un producto vers\u00e1til, ideal para diversos usos y ambientes.\" \/>\n<meta property=\"og:url\" content=\"https:\/\/sanivoros.org\/tienda\/cesta-redonda-trenzada-de-ratan\/\" \/>\n<meta property=\"og:site_name\" content=\"Sanivoros\" \/>\n<meta property=\"article:modified_time\" content=\"2025-02-13T16:31:22+00:00\" \/>\n<meta property=\"og:image\" content=\"https:\/\/sanivoros.org\/tienda\/wp-content\/uploads\/2024\/11\/Cesta-Redonda-Trenzada-de-Ratan.jpg\" \/>\n\t<meta property=\"og:image:width\" content=\"1920\" \/>\n\t<meta property=\"og:image:height\" content=\"1920\" \/>\n\t<meta property=\"og:image:type\" content=\"image\/jpeg\" \/>\n<meta name=\"twitter:card\" content=\"summary_large_image\" \/>\n<meta name=\"twitter:label1\" content=\"Tiempo de lectura\" \/>\n\t<meta name=\"twitter:data1\" content=\"1 minuto\" \/>\n<script type=\"application\/ld+json\" class=\"yoast-schema-graph\">{\"@context\":\"https:\/\/schema.org\",\"@graph\":[{\"@type\":\"WebPage\",\"@id\":\"https:\/\/sanivoros.org\/tienda\/cesta-redonda-trenzada-de-ratan\/\",\"url\":\"https:\/\/sanivoros.org\/tienda\/cesta-redonda-trenzada-de-ratan\/\",\"name\":\"Cesta Redonda Trenzada de Rat\u00e1n - Sanivoros\",\"isPartOf\":{\"@id\":\"https:\/\/sanivoros.org\/tienda\/#website\"},\"primaryImageOfPage\":{\"@id\":\"https:\/\/sanivoros.org\/tienda\/cesta-redonda-trenzada-de-ratan\/#primaryimage\"},\"image\":{\"@id\":\"https:\/\/sanivoros.org\/tienda\/cesta-redonda-trenzada-de-ratan\/#primaryimage\"},\"thumbnailUrl\":\"https:\/\/sanivoros.org\/tienda\/wp-content\/uploads\/2024\/11\/Cesta-Redonda-Trenzada-de-Ratan.jpg\",\"datePublished\":\"2024-11-18T16:39:28+00:00\",\"dateModified\":\"2025-02-13T16:31:22+00:00\",\"breadcrumb\":{\"@id\":\"https:\/\/sanivoros.org\/tienda\/cesta-redonda-trenzada-de-ratan\/#breadcrumb\"},\"inLanguage\":\"es\",\"potentialAction\":[{\"@type\":\"ReadAction\",\"target\":[\"https:\/\/sanivoros.org\/tienda\/cesta-redonda-trenzada-de-ratan\/\"]}]},{\"@type\":\"ImageObject\",\"inLanguage\":\"es\",\"@id\":\"https:\/\/sanivoros.org\/tienda\/cesta-redonda-trenzada-de-ratan\/#primaryimage\",\"url\":\"https:\/\/sanivoros.org\/tienda\/wp-content\/uploads\/2024\/11\/Cesta-Redonda-Trenzada-de-Ratan.jpg\",\"contentUrl\":\"https:\/\/sanivoros.org\/tienda\/wp-content\/uploads\/2024\/11\/Cesta-Redonda-Trenzada-de-Ratan.jpg\",\"width\":1920,\"height\":1920},{\"@type\":\"BreadcrumbList\",\"@id\":\"https:\/\/sanivoros.org\/tienda\/cesta-redonda-trenzada-de-ratan\/#breadcrumb\",\"itemListElement\":[{\"@type\":\"ListItem\",\"position\":1,\"name\":\"Portada\",\"item\":\"https:\/\/sanivoros.org\/tienda\/\"},{\"@type\":\"ListItem\",\"position\":2,\"name\":\"Tienda\",\"item\":\"https:\/\/sanivoros.org\/tienda\/tienda\/\"},{\"@type\":\"ListItem\",\"position\":3,\"name\":\"Decoraci\u00f3n\",\"item\":\"https:\/\/sanivoros.org\/tienda\/decoracion\/\"},{\"@type\":\"ListItem\",\"position\":4,\"name\":\"Almacenaje\",\"item\":\"https:\/\/sanivoros.org\/tienda\/almacenaje\/\"},{\"@type\":\"ListItem\",\"position\":5,\"name\":\"Cesta Redonda Trenzada de Rat\u00e1n\"}]},{\"@type\":\"WebSite\",\"@id\":\"https:\/\/sanivoros.org\/tienda\/#website\",\"url\":\"https:\/\/sanivoros.org\/tienda\/\",\"name\":\"Sanivoros\",\"description\":\"\",\"publisher\":{\"@id\":\"https:\/\/sanivoros.org\/tienda\/#organization\"},\"potentialAction\":[{\"@type\":\"SearchAction\",\"target\":{\"@type\":\"EntryPoint\",\"urlTemplate\":\"https:\/\/sanivoros.org\/tienda\/?s={search_term_string}\"},\"query-input\":{\"@type\":\"PropertyValueSpecification\",\"valueRequired\":true,\"valueName\":\"search_term_string\"}}],\"inLanguage\":\"es\"},{\"@type\":\"Organization\",\"@id\":\"https:\/\/sanivoros.org\/tienda\/#organization\",\"name\":\"Sanivoros\",\"url\":\"https:\/\/sanivoros.org\/tienda\/\",\"logo\":{\"@type\":\"ImageObject\",\"inLanguage\":\"es\",\"@id\":\"https:\/\/sanivoros.org\/tienda\/#\/schema\/logo\/image\/\",\"url\":\"https:\/\/sanivoros.org\/tienda\/wp-content\/uploads\/2024\/11\/Sanivoros-logo-retina.png\",\"contentUrl\":\"https:\/\/sanivoros.org\/tienda\/wp-content\/uploads\/2024\/11\/Sanivoros-logo-retina.png\",\"width\":908,\"height\":286,\"caption\":\"Sanivoros\"},\"image\":{\"@id\":\"https:\/\/sanivoros.org\/tienda\/#\/schema\/logo\/image\/\"}}]}<\/script>\n<!-- \/ Yoast SEO plugin. -->","yoast_head_json":{"title":"Cesta Redonda Trenzada de Rat\u00e1n - Sanivoros","robots":{"index":"index","follow":"follow","max-snippet":"max-snippet:-1","max-image-preview":"max-image-preview:large","max-video-preview":"max-video-preview:-1"},"canonical":"https:\/\/sanivoros.org\/tienda\/cesta-redonda-trenzada-de-ratan\/","og_locale":"es_ES","og_type":"article","og_title":"Cesta Redonda Trenzada de Rat\u00e1n - Sanivoros","og_description":"REFERENCIA: PA73208  &nbsp;  La cesta redonda fabricada con rat\u00e1n trenzado es una combinaci\u00f3n de practicidad y estilo. Con capacidad para 8 litros, agrega sofisticaci\u00f3n natural a cualquier espacio. El rat\u00e1n trenzado es un material duradero que aporta encanto r\u00fastico. Se trata de un producto vers\u00e1til, ideal para diversos usos y ambientes.","og_url":"https:\/\/sanivoros.org\/tienda\/cesta-redonda-trenzada-de-ratan\/","og_site_name":"Sanivoros","article_modified_time":"2025-02-13T16:31:22+00:00","og_image":[{"width":1920,"height":1920,"url":"https:\/\/sanivoros.org\/tienda\/wp-content\/uploads\/2024\/11\/Cesta-Redonda-Trenzada-de-Ratan.jpg","type":"image\/jpeg"}],"twitter_card":"summary_large_image","twitter_misc":{"Tiempo de lectura":"1 minuto"},"schema":{"@context":"https:\/\/schema.org","@graph":[{"@type":"WebPage","@id":"https:\/\/sanivoros.org\/tienda\/cesta-redonda-trenzada-de-ratan\/","url":"https:\/\/sanivoros.org\/tienda\/cesta-redonda-trenzada-de-ratan\/","name":"Cesta Redonda Trenzada de Rat\u00e1n - Sanivoros","isPartOf":{"@id":"https:\/\/sanivoros.org\/tienda\/#website"},"primaryImageOfPage":{"@id":"https:\/\/sanivoros.org\/tienda\/cesta-redonda-trenzada-de-ratan\/#primaryimage"},"image":{"@id":"https:\/\/sanivoros.org\/tienda\/cesta-redonda-trenzada-de-ratan\/#primaryimage"},"thumbnailUrl":"https:\/\/sanivoros.org\/tienda\/wp-content\/uploads\/2024\/11\/Cesta-Redonda-Trenzada-de-Ratan.jpg","datePublished":"2024-11-18T16:39:28+00:00","dateModified":"2025-02-13T16:31:22+00:00","breadcrumb":{"@id":"https:\/\/sanivoros.org\/tienda\/cesta-redonda-trenzada-de-ratan\/#breadcrumb"},"inLanguage":"es","potentialAction":[{"@type":"ReadAction","target":["https:\/\/sanivoros.org\/tienda\/cesta-redonda-trenzada-de-ratan\/"]}]},{"@type":"ImageObject","inLanguage":"es","@id":"https:\/\/sanivoros.org\/tienda\/cesta-redonda-trenzada-de-ratan\/#primaryimage","url":"https:\/\/sanivoros.org\/tienda\/wp-content\/uploads\/2024\/11\/Cesta-Redonda-Trenzada-de-Ratan.jpg","contentUrl":"https:\/\/sanivoros.org\/tienda\/wp-content\/uploads\/2024\/11\/Cesta-Redonda-Trenzada-de-Ratan.jpg","width":1920,"height":1920},{"@type":"BreadcrumbList","@id":"https:\/\/sanivoros.org\/tienda\/cesta-redonda-trenzada-de-ratan\/#breadcrumb","itemListElement":[{"@type":"ListItem","position":1,"name":"Portada","item":"https:\/\/sanivoros.org\/tienda\/"},{"@type":"ListItem","position":2,"name":"Tienda","item":"https:\/\/sanivoros.org\/tienda\/tienda\/"},{"@type":"ListItem","position":3,"name":"Decoraci\u00f3n","item":"https:\/\/sanivoros.org\/tienda\/decoracion\/"},{"@type":"ListItem","position":4,"name":"Almacenaje","item":"https:\/\/sanivoros.org\/tienda\/almacenaje\/"},{"@type":"ListItem","position":5,"name":"Cesta Redonda Trenzada de Rat\u00e1n"}]},{"@type":"WebSite","@id":"https:\/\/sanivoros.org\/tienda\/#website","url":"https:\/\/sanivoros.org\/tienda\/","name":"Sanivoros","description":"","publisher":{"@id":"https:\/\/sanivoros.org\/tienda\/#organization"},"potentialAction":[{"@type":"SearchAction","target":{"@type":"EntryPoint","urlTemplate":"https:\/\/sanivoros.org\/tienda\/?s={search_term_string}"},"query-input":{"@type":"PropertyValueSpecification","valueRequired":true,"valueName":"search_term_string"}}],"inLanguage":"es"},{"@type":"Organization","@id":"https:\/\/sanivoros.org\/tienda\/#organization","name":"Sanivoros","url":"https:\/\/sanivoros.org\/tienda\/","logo":{"@type":"ImageObject","inLanguage":"es","@id":"https:\/\/sanivoros.org\/tienda\/#\/schema\/logo\/image\/","url":"https:\/\/sanivoros.org\/tienda\/wp-content\/uploads\/2024\/11\/Sanivoros-logo-retina.png","contentUrl":"https:\/\/sanivoros.org\/tienda\/wp-content\/uploads\/2024\/11\/Sanivoros-logo-retina.png","width":908,"height":286,"caption":"Sanivoros"},"image":{"@id":"https:\/\/sanivoros.org\/tienda\/#\/schema\/logo\/image\/"}}]}},"publishpress_future_action":{"enabled":false,"date":"2026-04-12 16:05:41","action":"change-status","newStatus":"draft","terms":[],"taxonomy":"product_type"},"publishpress_future_workflow_manual_trigger":{"enabledWorkflows":[]},"_links":{"self":[{"href":"https:\/\/sanivoros.org\/tienda\/wp-json\/wp\/v2\/product\/2143","targetHints":{"allow":["GET"]}}],"collection":[{"href":"https:\/\/sanivoros.org\/tienda\/wp-json\/wp\/v2\/product"}],"about":[{"href":"https:\/\/sanivoros.org\/tienda\/wp-json\/wp\/v2\/types\/product"}],"replies":[{"embeddable":true,"href":"https:\/\/sanivoros.org\/tienda\/wp-json\/wp\/v2\/comments?post=2143"}],"wp:featuredmedia":[{"embeddable":true,"href":"https:\/\/sanivoros.org\/tienda\/wp-json\/wp\/v2\/media\/3839"}],"wp:attachment":[{"href":"https:\/\/sanivoros.org\/tienda\/wp-json\/wp\/v2\/media?parent=2143"}],"wp:term":[{"taxonomy":"product_cat","embeddable":true,"href":"https:\/\/sanivoros.org\/tienda\/wp-json\/wp\/v2\/product_cat?post=2143"},{"taxonomy":"product_tag","embeddable":true,"href":"https:\/\/sanivoros.org\/tienda\/wp-json\/wp\/v2\/product_tag?post=2143"}],"curies":[{"name":"wp","href":"https:\/\/api.w.org\/{rel}","templated":true}]}}