{"id":2074,"date":"2024-11-18T17:38:47","date_gmt":"2024-11-18T16:38:47","guid":{"rendered":"https:\/\/sanivoros.org\/tienda\/?post_type=product&#038;p=2074"},"modified":"2025-01-21T18:39:10","modified_gmt":"2025-01-21T17:39:10","slug":"cojin-de-suelo-redondo-de-piel","status":"publish","type":"product","link":"https:\/\/sanivoros.org\/tienda\/cojin-de-suelo-redondo-de-piel\/","title":{"rendered":"Coj\u00edn de Suelo Redondo de Piel"},"content":{"rendered":"","protected":false},"excerpt":{"rendered":"<p>REFERENCIA: MB-207473<\/p>\n<p>&nbsp;<\/p>\n<p>Si quieres completar la decoraci\u00f3n de tu casa con un toque ex\u00f3tico y original, te presentamos nuestro Coj\u00edn de Suelo Redondo. Funcional y vers\u00e1til, es el accesorio perfecto para cualquier estancia.<\/p>\n<p>Est\u00e1 tapizado en piel y relleno lo que le aporta un plus de suavidad y confort. De forma redonda con un divertido dise\u00f1o, encajar\u00e1 en estancias de cualquier estilo decorativo. Ideal para usar como asiento extra o incluso tambi\u00e9n como reposapi\u00e9s en dormitorios y salones.<\/p>\n","protected":false},"featured_media":3911,"comment_status":"closed","ping_status":"closed","template":"","meta":{"_acf_changed":false},"product_cat":[66,110,61],"product_tag":[],"class_list":{"0":"post-2074","1":"product","2":"type-product","3":"status-publish","4":"has-post-thumbnail","6":"product_cat-destacados-tienda","7":"product_cat-muebles","8":"product_cat-todos-los-productos","10":"first","11":"instock","12":"taxable","13":"shipping-taxable","14":"purchasable","15":"product-type-simple"},"acf":[],"yoast_head":"<!-- This site is optimized with the Yoast SEO plugin v24.5 - https:\/\/yoast.com\/wordpress\/plugins\/seo\/ -->\n<title>Coj\u00edn de Suelo Redondo de Piel - Sanivoros<\/title>\n<meta name=\"description\" content=\"El Coj\u00edn de Suelo Redondo de Piel tiene un dise\u00f1o \u00fanico y atemporal. Est\u00e1 fabricado con piel de alta calidad para que sea duradero y se mantenga intacto a lo largo de los a\u00f1os. Con un dise\u00f1o elegante y distintivo, este destaca por su color y forma, ideal para quienes buscan un accesorio que combine estilo y durabilidad.\" \/>\n<meta name=\"robots\" content=\"index, follow, max-snippet:-1, max-image-preview:large, max-video-preview:-1\" \/>\n<link rel=\"canonical\" href=\"https:\/\/sanivoros.org\/tienda\/cojin-de-suelo-redondo-de-piel\/\" \/>\n<meta property=\"og:locale\" content=\"es_ES\" \/>\n<meta property=\"og:type\" content=\"article\" \/>\n<meta property=\"og:title\" content=\"Coj\u00edn de Suelo Redondo de Piel - Sanivoros\" \/>\n<meta property=\"og:description\" content=\"El Coj\u00edn de Suelo Redondo de Piel tiene un dise\u00f1o \u00fanico y atemporal. Est\u00e1 fabricado con piel de alta calidad para que sea duradero y se mantenga intacto a lo largo de los a\u00f1os. Con un dise\u00f1o elegante y distintivo, este destaca por su color y forma, ideal para quienes buscan un accesorio que combine estilo y durabilidad.\" \/>\n<meta property=\"og:url\" content=\"https:\/\/sanivoros.org\/tienda\/cojin-de-suelo-redondo-de-piel\/\" \/>\n<meta property=\"og:site_name\" content=\"Sanivoros\" \/>\n<meta property=\"article:modified_time\" content=\"2025-01-21T17:39:10+00:00\" \/>\n<meta property=\"og:image\" content=\"https:\/\/sanivoros.org\/tienda\/wp-content\/uploads\/2024\/11\/Cojin-de-Suelo-Redondo-de-Piel.jpg\" \/>\n\t<meta property=\"og:image:width\" content=\"1920\" \/>\n\t<meta property=\"og:image:height\" content=\"1920\" \/>\n\t<meta property=\"og:image:type\" content=\"image\/jpeg\" \/>\n<meta name=\"twitter:card\" content=\"summary_large_image\" \/>\n<meta name=\"twitter:label1\" content=\"Tiempo de lectura\" \/>\n\t<meta name=\"twitter:data1\" content=\"1 minuto\" \/>\n<script type=\"application\/ld+json\" class=\"yoast-schema-graph\">{\"@context\":\"https:\/\/schema.org\",\"@graph\":[{\"@type\":\"WebPage\",\"@id\":\"https:\/\/sanivoros.org\/tienda\/cojin-de-suelo-redondo-de-piel\/\",\"url\":\"https:\/\/sanivoros.org\/tienda\/cojin-de-suelo-redondo-de-piel\/\",\"name\":\"Coj\u00edn de Suelo Redondo de Piel - Sanivoros\",\"isPartOf\":{\"@id\":\"https:\/\/sanivoros.org\/tienda\/#website\"},\"primaryImageOfPage\":{\"@id\":\"https:\/\/sanivoros.org\/tienda\/cojin-de-suelo-redondo-de-piel\/#primaryimage\"},\"image\":{\"@id\":\"https:\/\/sanivoros.org\/tienda\/cojin-de-suelo-redondo-de-piel\/#primaryimage\"},\"thumbnailUrl\":\"https:\/\/sanivoros.org\/tienda\/wp-content\/uploads\/2024\/11\/Cojin-de-Suelo-Redondo-de-Piel.jpg\",\"datePublished\":\"2024-11-18T16:38:47+00:00\",\"dateModified\":\"2025-01-21T17:39:10+00:00\",\"description\":\"El Coj\u00edn de Suelo Redondo de Piel tiene un dise\u00f1o \u00fanico y atemporal. Est\u00e1 fabricado con piel de alta calidad para que sea duradero y se mantenga intacto a lo largo de los a\u00f1os. Con un dise\u00f1o elegante y distintivo, este destaca por su color y forma, ideal para quienes buscan un accesorio que combine estilo y durabilidad.\",\"breadcrumb\":{\"@id\":\"https:\/\/sanivoros.org\/tienda\/cojin-de-suelo-redondo-de-piel\/#breadcrumb\"},\"inLanguage\":\"es\",\"potentialAction\":[{\"@type\":\"ReadAction\",\"target\":[\"https:\/\/sanivoros.org\/tienda\/cojin-de-suelo-redondo-de-piel\/\"]}]},{\"@type\":\"ImageObject\",\"inLanguage\":\"es\",\"@id\":\"https:\/\/sanivoros.org\/tienda\/cojin-de-suelo-redondo-de-piel\/#primaryimage\",\"url\":\"https:\/\/sanivoros.org\/tienda\/wp-content\/uploads\/2024\/11\/Cojin-de-Suelo-Redondo-de-Piel.jpg\",\"contentUrl\":\"https:\/\/sanivoros.org\/tienda\/wp-content\/uploads\/2024\/11\/Cojin-de-Suelo-Redondo-de-Piel.jpg\",\"width\":1920,\"height\":1920},{\"@type\":\"BreadcrumbList\",\"@id\":\"https:\/\/sanivoros.org\/tienda\/cojin-de-suelo-redondo-de-piel\/#breadcrumb\",\"itemListElement\":[{\"@type\":\"ListItem\",\"position\":1,\"name\":\"Portada\",\"item\":\"https:\/\/sanivoros.org\/tienda\/\"},{\"@type\":\"ListItem\",\"position\":2,\"name\":\"Tienda\",\"item\":\"https:\/\/sanivoros.org\/tienda\/tienda\/\"},{\"@type\":\"ListItem\",\"position\":3,\"name\":\"Destacados Tienda\",\"item\":\"https:\/\/sanivoros.org\/tienda\/destacados-tienda\/\"},{\"@type\":\"ListItem\",\"position\":4,\"name\":\"Coj\u00edn de Suelo Redondo de Piel\"}]},{\"@type\":\"WebSite\",\"@id\":\"https:\/\/sanivoros.org\/tienda\/#website\",\"url\":\"https:\/\/sanivoros.org\/tienda\/\",\"name\":\"Sanivoros\",\"description\":\"\",\"publisher\":{\"@id\":\"https:\/\/sanivoros.org\/tienda\/#organization\"},\"potentialAction\":[{\"@type\":\"SearchAction\",\"target\":{\"@type\":\"EntryPoint\",\"urlTemplate\":\"https:\/\/sanivoros.org\/tienda\/?s={search_term_string}\"},\"query-input\":{\"@type\":\"PropertyValueSpecification\",\"valueRequired\":true,\"valueName\":\"search_term_string\"}}],\"inLanguage\":\"es\"},{\"@type\":\"Organization\",\"@id\":\"https:\/\/sanivoros.org\/tienda\/#organization\",\"name\":\"Sanivoros\",\"url\":\"https:\/\/sanivoros.org\/tienda\/\",\"logo\":{\"@type\":\"ImageObject\",\"inLanguage\":\"es\",\"@id\":\"https:\/\/sanivoros.org\/tienda\/#\/schema\/logo\/image\/\",\"url\":\"https:\/\/sanivoros.org\/tienda\/wp-content\/uploads\/2024\/11\/Sanivoros-logo-retina.png\",\"contentUrl\":\"https:\/\/sanivoros.org\/tienda\/wp-content\/uploads\/2024\/11\/Sanivoros-logo-retina.png\",\"width\":908,\"height\":286,\"caption\":\"Sanivoros\"},\"image\":{\"@id\":\"https:\/\/sanivoros.org\/tienda\/#\/schema\/logo\/image\/\"}}]}<\/script>\n<!-- \/ Yoast SEO plugin. -->","yoast_head_json":{"title":"Coj\u00edn de Suelo Redondo de Piel - Sanivoros","description":"El Coj\u00edn de Suelo Redondo de Piel tiene un dise\u00f1o \u00fanico y atemporal. Est\u00e1 fabricado con piel de alta calidad para que sea duradero y se mantenga intacto a lo largo de los a\u00f1os. Con un dise\u00f1o elegante y distintivo, este destaca por su color y forma, ideal para quienes buscan un accesorio que combine estilo y durabilidad.","robots":{"index":"index","follow":"follow","max-snippet":"max-snippet:-1","max-image-preview":"max-image-preview:large","max-video-preview":"max-video-preview:-1"},"canonical":"https:\/\/sanivoros.org\/tienda\/cojin-de-suelo-redondo-de-piel\/","og_locale":"es_ES","og_type":"article","og_title":"Coj\u00edn de Suelo Redondo de Piel - Sanivoros","og_description":"El Coj\u00edn de Suelo Redondo de Piel tiene un dise\u00f1o \u00fanico y atemporal. Est\u00e1 fabricado con piel de alta calidad para que sea duradero y se mantenga intacto a lo largo de los a\u00f1os. Con un dise\u00f1o elegante y distintivo, este destaca por su color y forma, ideal para quienes buscan un accesorio que combine estilo y durabilidad.","og_url":"https:\/\/sanivoros.org\/tienda\/cojin-de-suelo-redondo-de-piel\/","og_site_name":"Sanivoros","article_modified_time":"2025-01-21T17:39:10+00:00","og_image":[{"width":1920,"height":1920,"url":"https:\/\/sanivoros.org\/tienda\/wp-content\/uploads\/2024\/11\/Cojin-de-Suelo-Redondo-de-Piel.jpg","type":"image\/jpeg"}],"twitter_card":"summary_large_image","twitter_misc":{"Tiempo de lectura":"1 minuto"},"schema":{"@context":"https:\/\/schema.org","@graph":[{"@type":"WebPage","@id":"https:\/\/sanivoros.org\/tienda\/cojin-de-suelo-redondo-de-piel\/","url":"https:\/\/sanivoros.org\/tienda\/cojin-de-suelo-redondo-de-piel\/","name":"Coj\u00edn de Suelo Redondo de Piel - Sanivoros","isPartOf":{"@id":"https:\/\/sanivoros.org\/tienda\/#website"},"primaryImageOfPage":{"@id":"https:\/\/sanivoros.org\/tienda\/cojin-de-suelo-redondo-de-piel\/#primaryimage"},"image":{"@id":"https:\/\/sanivoros.org\/tienda\/cojin-de-suelo-redondo-de-piel\/#primaryimage"},"thumbnailUrl":"https:\/\/sanivoros.org\/tienda\/wp-content\/uploads\/2024\/11\/Cojin-de-Suelo-Redondo-de-Piel.jpg","datePublished":"2024-11-18T16:38:47+00:00","dateModified":"2025-01-21T17:39:10+00:00","description":"El Coj\u00edn de Suelo Redondo de Piel tiene un dise\u00f1o \u00fanico y atemporal. Est\u00e1 fabricado con piel de alta calidad para que sea duradero y se mantenga intacto a lo largo de los a\u00f1os. Con un dise\u00f1o elegante y distintivo, este destaca por su color y forma, ideal para quienes buscan un accesorio que combine estilo y durabilidad.","breadcrumb":{"@id":"https:\/\/sanivoros.org\/tienda\/cojin-de-suelo-redondo-de-piel\/#breadcrumb"},"inLanguage":"es","potentialAction":[{"@type":"ReadAction","target":["https:\/\/sanivoros.org\/tienda\/cojin-de-suelo-redondo-de-piel\/"]}]},{"@type":"ImageObject","inLanguage":"es","@id":"https:\/\/sanivoros.org\/tienda\/cojin-de-suelo-redondo-de-piel\/#primaryimage","url":"https:\/\/sanivoros.org\/tienda\/wp-content\/uploads\/2024\/11\/Cojin-de-Suelo-Redondo-de-Piel.jpg","contentUrl":"https:\/\/sanivoros.org\/tienda\/wp-content\/uploads\/2024\/11\/Cojin-de-Suelo-Redondo-de-Piel.jpg","width":1920,"height":1920},{"@type":"BreadcrumbList","@id":"https:\/\/sanivoros.org\/tienda\/cojin-de-suelo-redondo-de-piel\/#breadcrumb","itemListElement":[{"@type":"ListItem","position":1,"name":"Portada","item":"https:\/\/sanivoros.org\/tienda\/"},{"@type":"ListItem","position":2,"name":"Tienda","item":"https:\/\/sanivoros.org\/tienda\/tienda\/"},{"@type":"ListItem","position":3,"name":"Destacados Tienda","item":"https:\/\/sanivoros.org\/tienda\/destacados-tienda\/"},{"@type":"ListItem","position":4,"name":"Coj\u00edn de Suelo Redondo de Piel"}]},{"@type":"WebSite","@id":"https:\/\/sanivoros.org\/tienda\/#website","url":"https:\/\/sanivoros.org\/tienda\/","name":"Sanivoros","description":"","publisher":{"@id":"https:\/\/sanivoros.org\/tienda\/#organization"},"potentialAction":[{"@type":"SearchAction","target":{"@type":"EntryPoint","urlTemplate":"https:\/\/sanivoros.org\/tienda\/?s={search_term_string}"},"query-input":{"@type":"PropertyValueSpecification","valueRequired":true,"valueName":"search_term_string"}}],"inLanguage":"es"},{"@type":"Organization","@id":"https:\/\/sanivoros.org\/tienda\/#organization","name":"Sanivoros","url":"https:\/\/sanivoros.org\/tienda\/","logo":{"@type":"ImageObject","inLanguage":"es","@id":"https:\/\/sanivoros.org\/tienda\/#\/schema\/logo\/image\/","url":"https:\/\/sanivoros.org\/tienda\/wp-content\/uploads\/2024\/11\/Sanivoros-logo-retina.png","contentUrl":"https:\/\/sanivoros.org\/tienda\/wp-content\/uploads\/2024\/11\/Sanivoros-logo-retina.png","width":908,"height":286,"caption":"Sanivoros"},"image":{"@id":"https:\/\/sanivoros.org\/tienda\/#\/schema\/logo\/image\/"}}]}},"publishpress_future_action":{"enabled":false,"date":"2026-05-14 12:07:40","action":"change-status","newStatus":"draft","terms":[],"taxonomy":"product_type"},"publishpress_future_workflow_manual_trigger":{"enabledWorkflows":[]},"_links":{"self":[{"href":"https:\/\/sanivoros.org\/tienda\/wp-json\/wp\/v2\/product\/2074","targetHints":{"allow":["GET"]}}],"collection":[{"href":"https:\/\/sanivoros.org\/tienda\/wp-json\/wp\/v2\/product"}],"about":[{"href":"https:\/\/sanivoros.org\/tienda\/wp-json\/wp\/v2\/types\/product"}],"replies":[{"embeddable":true,"href":"https:\/\/sanivoros.org\/tienda\/wp-json\/wp\/v2\/comments?post=2074"}],"wp:featuredmedia":[{"embeddable":true,"href":"https:\/\/sanivoros.org\/tienda\/wp-json\/wp\/v2\/media\/3911"}],"wp:attachment":[{"href":"https:\/\/sanivoros.org\/tienda\/wp-json\/wp\/v2\/media?parent=2074"}],"wp:term":[{"taxonomy":"product_cat","embeddable":true,"href":"https:\/\/sanivoros.org\/tienda\/wp-json\/wp\/v2\/product_cat?post=2074"},{"taxonomy":"product_tag","embeddable":true,"href":"https:\/\/sanivoros.org\/tienda\/wp-json\/wp\/v2\/product_tag?post=2074"}],"curies":[{"name":"wp","href":"https:\/\/api.w.org\/{rel}","templated":true}]}}