{"id":1699,"date":"2024-11-18T17:34:28","date_gmt":"2024-11-18T16:34:28","guid":{"rendered":"https:\/\/sanivoros.org\/tienda\/?post_type=product&#038;p=1699"},"modified":"2024-12-26T11:24:12","modified_gmt":"2024-12-26T10:24:12","slug":"la-desnudez-del-alma","status":"publish","type":"product","link":"https:\/\/sanivoros.org\/tienda\/la-desnudez-del-alma\/","title":{"rendered":"La Desnudez del Alma"},"content":{"rendered":"","protected":false},"excerpt":{"rendered":"<div><em>\u201c\u00a1Yahweh no permita que yo me jacte de nada, excepto de la estaca de ejecuci\u00f3n de nuestro Ad\u00f3n Yahshua Ha Mash\u00edaj! Por \u00c9l, en lo que a m\u00ed se refiere, el mundo (la serpiente) ha sido clavado para morir en la estaca; y por medio de \u00c9l, en lo que a m\u00ed se refiere, he muerto en la estaca.<\/em><\/div>\n<div><em>\u00a0<\/em><\/div>\n<div><em>Porque no importa el estar circuncidado o no estarlo; lo que importa es ser una creaci\u00f3n renovada.<\/em><\/div>\n<div><em>\u00a0<\/em><\/div>\n<div>\n<p><em>\u00a1Y a los muchos que ponen en orden sus Bidas por esta regla, Shalom y misericordia sobre ellos, y sobre el Yisra&#8217;el de Yahweh!\u201d<\/em><\/p>\n<p><strong>G\u00e1latas 6: 14-16 &#8211; Biblia Kadosh Mesi\u00e1nica<\/strong><\/p>\n<\/div>\n","protected":false},"featured_media":4940,"comment_status":"closed","ping_status":"closed","template":"","meta":{"_acf_changed":false},"product_cat":[60,146,61],"product_tag":[62],"class_list":{"0":"post-1699","1":"product","2":"type-product","3":"status-publish","4":"has-post-thumbnail","6":"product_cat-decoracion","7":"product_cat-decoracion-de-pared","8":"product_cat-todos-los-productos","9":"product_tag-laminas","11":"first","12":"instock","13":"taxable","14":"shipping-taxable","15":"purchasable","16":"product-type-variable"},"acf":[],"yoast_head":"<!-- This site is optimized with the Yoast SEO plugin v24.5 - https:\/\/yoast.com\/wordpress\/plugins\/seo\/ -->\n<title>La Desnudez del Alma - Sanivoros<\/title>\n<meta name=\"robots\" content=\"index, follow, max-snippet:-1, max-image-preview:large, max-video-preview:-1\" \/>\n<link rel=\"canonical\" href=\"https:\/\/sanivoros.org\/tienda\/la-desnudez-del-alma\/\" \/>\n<meta property=\"og:locale\" content=\"es_ES\" \/>\n<meta property=\"og:type\" content=\"article\" \/>\n<meta property=\"og:title\" content=\"La Desnudez del Alma - Sanivoros\" \/>\n<meta property=\"og:description\" content=\"\u201c\u00a1Yahweh no permita que yo me jacte de nada, excepto de la estaca de ejecuci\u00f3n de nuestro Ad\u00f3n Yahshua Ha Mash\u00edaj! Por \u00c9l, en lo que a m\u00ed se refiere, el mundo (la serpiente) ha sido clavado para morir en la estaca; y por medio de \u00c9l, en lo que a m\u00ed se refiere, he muerto en la estaca. \u00a0 Porque no importa el estar circuncidado o no estarlo; lo que importa es ser una creaci\u00f3n renovada. \u00a0   \u00a1Y a los muchos que ponen en orden sus Bidas por esta regla, Shalom y misericordia sobre ellos, y sobre el Yisra&#039;el de Yahweh!\u201d  G\u00e1latas 6: 14-16 - Biblia Kadosh Mesi\u00e1nica\" \/>\n<meta property=\"og:url\" content=\"https:\/\/sanivoros.org\/tienda\/la-desnudez-del-alma\/\" \/>\n<meta property=\"og:site_name\" content=\"Sanivoros\" \/>\n<meta property=\"article:modified_time\" content=\"2024-12-26T10:24:12+00:00\" \/>\n<meta property=\"og:image\" content=\"https:\/\/sanivoros.org\/tienda\/wp-content\/uploads\/2024\/11\/la-desnudez-del-alma.jpg\" \/>\n\t<meta property=\"og:image:width\" content=\"1000\" \/>\n\t<meta property=\"og:image:height\" content=\"1000\" \/>\n\t<meta property=\"og:image:type\" content=\"image\/jpeg\" \/>\n<meta name=\"twitter:card\" content=\"summary_large_image\" \/>\n<meta name=\"twitter:label1\" content=\"Tiempo de lectura\" \/>\n\t<meta name=\"twitter:data1\" content=\"1 minuto\" \/>\n<script type=\"application\/ld+json\" class=\"yoast-schema-graph\">{\"@context\":\"https:\/\/schema.org\",\"@graph\":[{\"@type\":\"WebPage\",\"@id\":\"https:\/\/sanivoros.org\/tienda\/la-desnudez-del-alma\/\",\"url\":\"https:\/\/sanivoros.org\/tienda\/la-desnudez-del-alma\/\",\"name\":\"La Desnudez del Alma - Sanivoros\",\"isPartOf\":{\"@id\":\"https:\/\/sanivoros.org\/tienda\/#website\"},\"primaryImageOfPage\":{\"@id\":\"https:\/\/sanivoros.org\/tienda\/la-desnudez-del-alma\/#primaryimage\"},\"image\":{\"@id\":\"https:\/\/sanivoros.org\/tienda\/la-desnudez-del-alma\/#primaryimage\"},\"thumbnailUrl\":\"https:\/\/sanivoros.org\/tienda\/wp-content\/uploads\/2024\/11\/la-desnudez-del-alma.jpg\",\"datePublished\":\"2024-11-18T16:34:28+00:00\",\"dateModified\":\"2024-12-26T10:24:12+00:00\",\"breadcrumb\":{\"@id\":\"https:\/\/sanivoros.org\/tienda\/la-desnudez-del-alma\/#breadcrumb\"},\"inLanguage\":\"es\",\"potentialAction\":[{\"@type\":\"ReadAction\",\"target\":[\"https:\/\/sanivoros.org\/tienda\/la-desnudez-del-alma\/\"]}]},{\"@type\":\"ImageObject\",\"inLanguage\":\"es\",\"@id\":\"https:\/\/sanivoros.org\/tienda\/la-desnudez-del-alma\/#primaryimage\",\"url\":\"https:\/\/sanivoros.org\/tienda\/wp-content\/uploads\/2024\/11\/la-desnudez-del-alma.jpg\",\"contentUrl\":\"https:\/\/sanivoros.org\/tienda\/wp-content\/uploads\/2024\/11\/la-desnudez-del-alma.jpg\",\"width\":1000,\"height\":1000},{\"@type\":\"BreadcrumbList\",\"@id\":\"https:\/\/sanivoros.org\/tienda\/la-desnudez-del-alma\/#breadcrumb\",\"itemListElement\":[{\"@type\":\"ListItem\",\"position\":1,\"name\":\"Portada\",\"item\":\"https:\/\/sanivoros.org\/tienda\/\"},{\"@type\":\"ListItem\",\"position\":2,\"name\":\"Tienda\",\"item\":\"https:\/\/sanivoros.org\/tienda\/tienda\/\"},{\"@type\":\"ListItem\",\"position\":3,\"name\":\"Decoraci\u00f3n\",\"item\":\"https:\/\/sanivoros.org\/tienda\/decoracion\/\"},{\"@type\":\"ListItem\",\"position\":4,\"name\":\"Decoraci\u00f3n de pared\",\"item\":\"https:\/\/sanivoros.org\/tienda\/decoracion-de-pared\/\"},{\"@type\":\"ListItem\",\"position\":5,\"name\":\"La Desnudez del Alma\"}]},{\"@type\":\"WebSite\",\"@id\":\"https:\/\/sanivoros.org\/tienda\/#website\",\"url\":\"https:\/\/sanivoros.org\/tienda\/\",\"name\":\"Sanivoros\",\"description\":\"\",\"publisher\":{\"@id\":\"https:\/\/sanivoros.org\/tienda\/#organization\"},\"potentialAction\":[{\"@type\":\"SearchAction\",\"target\":{\"@type\":\"EntryPoint\",\"urlTemplate\":\"https:\/\/sanivoros.org\/tienda\/?s={search_term_string}\"},\"query-input\":{\"@type\":\"PropertyValueSpecification\",\"valueRequired\":true,\"valueName\":\"search_term_string\"}}],\"inLanguage\":\"es\"},{\"@type\":\"Organization\",\"@id\":\"https:\/\/sanivoros.org\/tienda\/#organization\",\"name\":\"Sanivoros\",\"url\":\"https:\/\/sanivoros.org\/tienda\/\",\"logo\":{\"@type\":\"ImageObject\",\"inLanguage\":\"es\",\"@id\":\"https:\/\/sanivoros.org\/tienda\/#\/schema\/logo\/image\/\",\"url\":\"https:\/\/sanivoros.org\/tienda\/wp-content\/uploads\/2024\/11\/Sanivoros-logo-retina.png\",\"contentUrl\":\"https:\/\/sanivoros.org\/tienda\/wp-content\/uploads\/2024\/11\/Sanivoros-logo-retina.png\",\"width\":908,\"height\":286,\"caption\":\"Sanivoros\"},\"image\":{\"@id\":\"https:\/\/sanivoros.org\/tienda\/#\/schema\/logo\/image\/\"}}]}<\/script>\n<!-- \/ Yoast SEO plugin. -->","yoast_head_json":{"title":"La Desnudez del Alma - Sanivoros","robots":{"index":"index","follow":"follow","max-snippet":"max-snippet:-1","max-image-preview":"max-image-preview:large","max-video-preview":"max-video-preview:-1"},"canonical":"https:\/\/sanivoros.org\/tienda\/la-desnudez-del-alma\/","og_locale":"es_ES","og_type":"article","og_title":"La Desnudez del Alma - Sanivoros","og_description":"\u201c\u00a1Yahweh no permita que yo me jacte de nada, excepto de la estaca de ejecuci\u00f3n de nuestro Ad\u00f3n Yahshua Ha Mash\u00edaj! Por \u00c9l, en lo que a m\u00ed se refiere, el mundo (la serpiente) ha sido clavado para morir en la estaca; y por medio de \u00c9l, en lo que a m\u00ed se refiere, he muerto en la estaca. \u00a0 Porque no importa el estar circuncidado o no estarlo; lo que importa es ser una creaci\u00f3n renovada. \u00a0   \u00a1Y a los muchos que ponen en orden sus Bidas por esta regla, Shalom y misericordia sobre ellos, y sobre el Yisra'el de Yahweh!\u201d  G\u00e1latas 6: 14-16 - Biblia Kadosh Mesi\u00e1nica","og_url":"https:\/\/sanivoros.org\/tienda\/la-desnudez-del-alma\/","og_site_name":"Sanivoros","article_modified_time":"2024-12-26T10:24:12+00:00","og_image":[{"width":1000,"height":1000,"url":"https:\/\/sanivoros.org\/tienda\/wp-content\/uploads\/2024\/11\/la-desnudez-del-alma.jpg","type":"image\/jpeg"}],"twitter_card":"summary_large_image","twitter_misc":{"Tiempo de lectura":"1 minuto"},"schema":{"@context":"https:\/\/schema.org","@graph":[{"@type":"WebPage","@id":"https:\/\/sanivoros.org\/tienda\/la-desnudez-del-alma\/","url":"https:\/\/sanivoros.org\/tienda\/la-desnudez-del-alma\/","name":"La Desnudez del Alma - Sanivoros","isPartOf":{"@id":"https:\/\/sanivoros.org\/tienda\/#website"},"primaryImageOfPage":{"@id":"https:\/\/sanivoros.org\/tienda\/la-desnudez-del-alma\/#primaryimage"},"image":{"@id":"https:\/\/sanivoros.org\/tienda\/la-desnudez-del-alma\/#primaryimage"},"thumbnailUrl":"https:\/\/sanivoros.org\/tienda\/wp-content\/uploads\/2024\/11\/la-desnudez-del-alma.jpg","datePublished":"2024-11-18T16:34:28+00:00","dateModified":"2024-12-26T10:24:12+00:00","breadcrumb":{"@id":"https:\/\/sanivoros.org\/tienda\/la-desnudez-del-alma\/#breadcrumb"},"inLanguage":"es","potentialAction":[{"@type":"ReadAction","target":["https:\/\/sanivoros.org\/tienda\/la-desnudez-del-alma\/"]}]},{"@type":"ImageObject","inLanguage":"es","@id":"https:\/\/sanivoros.org\/tienda\/la-desnudez-del-alma\/#primaryimage","url":"https:\/\/sanivoros.org\/tienda\/wp-content\/uploads\/2024\/11\/la-desnudez-del-alma.jpg","contentUrl":"https:\/\/sanivoros.org\/tienda\/wp-content\/uploads\/2024\/11\/la-desnudez-del-alma.jpg","width":1000,"height":1000},{"@type":"BreadcrumbList","@id":"https:\/\/sanivoros.org\/tienda\/la-desnudez-del-alma\/#breadcrumb","itemListElement":[{"@type":"ListItem","position":1,"name":"Portada","item":"https:\/\/sanivoros.org\/tienda\/"},{"@type":"ListItem","position":2,"name":"Tienda","item":"https:\/\/sanivoros.org\/tienda\/tienda\/"},{"@type":"ListItem","position":3,"name":"Decoraci\u00f3n","item":"https:\/\/sanivoros.org\/tienda\/decoracion\/"},{"@type":"ListItem","position":4,"name":"Decoraci\u00f3n de pared","item":"https:\/\/sanivoros.org\/tienda\/decoracion-de-pared\/"},{"@type":"ListItem","position":5,"name":"La Desnudez del Alma"}]},{"@type":"WebSite","@id":"https:\/\/sanivoros.org\/tienda\/#website","url":"https:\/\/sanivoros.org\/tienda\/","name":"Sanivoros","description":"","publisher":{"@id":"https:\/\/sanivoros.org\/tienda\/#organization"},"potentialAction":[{"@type":"SearchAction","target":{"@type":"EntryPoint","urlTemplate":"https:\/\/sanivoros.org\/tienda\/?s={search_term_string}"},"query-input":{"@type":"PropertyValueSpecification","valueRequired":true,"valueName":"search_term_string"}}],"inLanguage":"es"},{"@type":"Organization","@id":"https:\/\/sanivoros.org\/tienda\/#organization","name":"Sanivoros","url":"https:\/\/sanivoros.org\/tienda\/","logo":{"@type":"ImageObject","inLanguage":"es","@id":"https:\/\/sanivoros.org\/tienda\/#\/schema\/logo\/image\/","url":"https:\/\/sanivoros.org\/tienda\/wp-content\/uploads\/2024\/11\/Sanivoros-logo-retina.png","contentUrl":"https:\/\/sanivoros.org\/tienda\/wp-content\/uploads\/2024\/11\/Sanivoros-logo-retina.png","width":908,"height":286,"caption":"Sanivoros"},"image":{"@id":"https:\/\/sanivoros.org\/tienda\/#\/schema\/logo\/image\/"}}]}},"publishpress_future_action":{"enabled":false,"date":"2026-04-12 16:05:40","action":"change-status","newStatus":"draft","terms":[],"taxonomy":"product_type"},"publishpress_future_workflow_manual_trigger":{"enabledWorkflows":[]},"_links":{"self":[{"href":"https:\/\/sanivoros.org\/tienda\/wp-json\/wp\/v2\/product\/1699","targetHints":{"allow":["GET"]}}],"collection":[{"href":"https:\/\/sanivoros.org\/tienda\/wp-json\/wp\/v2\/product"}],"about":[{"href":"https:\/\/sanivoros.org\/tienda\/wp-json\/wp\/v2\/types\/product"}],"replies":[{"embeddable":true,"href":"https:\/\/sanivoros.org\/tienda\/wp-json\/wp\/v2\/comments?post=1699"}],"wp:featuredmedia":[{"embeddable":true,"href":"https:\/\/sanivoros.org\/tienda\/wp-json\/wp\/v2\/media\/4940"}],"wp:attachment":[{"href":"https:\/\/sanivoros.org\/tienda\/wp-json\/wp\/v2\/media?parent=1699"}],"wp:term":[{"taxonomy":"product_cat","embeddable":true,"href":"https:\/\/sanivoros.org\/tienda\/wp-json\/wp\/v2\/product_cat?post=1699"},{"taxonomy":"product_tag","embeddable":true,"href":"https:\/\/sanivoros.org\/tienda\/wp-json\/wp\/v2\/product_tag?post=1699"}],"curies":[{"name":"wp","href":"https:\/\/api.w.org\/{rel}","templated":true}]}}