{"id":6270,"date":"2025-01-10T13:57:02","date_gmt":"2025-01-10T12:57:02","guid":{"rendered":"https:\/\/sanivoros.org\/tienda\/?page_id=6270"},"modified":"2026-03-16T16:47:18","modified_gmt":"2026-03-16T15:47:18","slug":"declaracion-de-accesibilidad","status":"publish","type":"page","link":"https:\/\/sanivoros.org\/tienda\/declaracion-de-accesibilidad\/","title":{"rendered":"Declaraci\u00f3n de accesibilidad"},"content":{"rendered":"\t\t<div data-elementor-type=\"wp-page\" data-elementor-id=\"6270\" class=\"elementor elementor-6270\" data-elementor-settings=\"{&quot;element_pack_global_tooltip_width&quot;:{&quot;unit&quot;:&quot;px&quot;,&quot;size&quot;:&quot;&quot;,&quot;sizes&quot;:[]},&quot;element_pack_global_tooltip_width_tablet&quot;:{&quot;unit&quot;:&quot;px&quot;,&quot;size&quot;:&quot;&quot;,&quot;sizes&quot;:[]},&quot;element_pack_global_tooltip_width_mobile&quot;:{&quot;unit&quot;:&quot;px&quot;,&quot;size&quot;:&quot;&quot;,&quot;sizes&quot;:[]},&quot;element_pack_global_tooltip_padding&quot;:{&quot;unit&quot;:&quot;px&quot;,&quot;top&quot;:&quot;&quot;,&quot;right&quot;:&quot;&quot;,&quot;bottom&quot;:&quot;&quot;,&quot;left&quot;:&quot;&quot;,&quot;isLinked&quot;:true},&quot;element_pack_global_tooltip_padding_tablet&quot;:{&quot;unit&quot;:&quot;px&quot;,&quot;top&quot;:&quot;&quot;,&quot;right&quot;:&quot;&quot;,&quot;bottom&quot;:&quot;&quot;,&quot;left&quot;:&quot;&quot;,&quot;isLinked&quot;:true},&quot;element_pack_global_tooltip_padding_mobile&quot;:{&quot;unit&quot;:&quot;px&quot;,&quot;top&quot;:&quot;&quot;,&quot;right&quot;:&quot;&quot;,&quot;bottom&quot;:&quot;&quot;,&quot;left&quot;:&quot;&quot;,&quot;isLinked&quot;:true},&quot;element_pack_global_tooltip_border_radius&quot;:{&quot;unit&quot;:&quot;px&quot;,&quot;top&quot;:&quot;&quot;,&quot;right&quot;:&quot;&quot;,&quot;bottom&quot;:&quot;&quot;,&quot;left&quot;:&quot;&quot;,&quot;isLinked&quot;:true},&quot;element_pack_global_tooltip_border_radius_tablet&quot;:{&quot;unit&quot;:&quot;px&quot;,&quot;top&quot;:&quot;&quot;,&quot;right&quot;:&quot;&quot;,&quot;bottom&quot;:&quot;&quot;,&quot;left&quot;:&quot;&quot;,&quot;isLinked&quot;:true},&quot;element_pack_global_tooltip_border_radius_mobile&quot;:{&quot;unit&quot;:&quot;px&quot;,&quot;top&quot;:&quot;&quot;,&quot;right&quot;:&quot;&quot;,&quot;bottom&quot;:&quot;&quot;,&quot;left&quot;:&quot;&quot;,&quot;isLinked&quot;:true}}\" data-elementor-post-type=\"page\">\n\t\t\t\t<div class=\"elementor-element elementor-element-fc09500 e-flex e-con-boxed e-con e-parent\" data-id=\"fc09500\" data-element_type=\"container\">\n\t\t\t\t\t<div class=\"e-con-inner\">\n\t\t\t\t<div class=\"elementor-element elementor-element-6ea13ad elementor-widget elementor-widget-text-editor\" data-id=\"6ea13ad\" data-element_type=\"widget\" data-widget_type=\"text-editor.default\">\n\t\t\t\t<div class=\"elementor-widget-container\">\n\t\t\t\t\t\t\t<h2>1. Accesibilidad<\/h2><p>Este sitio web es accesible, de conformidad con el\u00a0<a href=\"https:\/\/www.boe.es\/diario_boe\/txt.php?id=BOE-A-2018-12699\" target=\"_blank\" rel=\"noopener\">Real Decreto 1112\/2018, de 7 de septiembre, sobre accesibilidad de los sitios web y aplicaciones para dispositivos m\u00f3viles<\/a>.<\/p><p>La presente declaraci\u00f3n de accesibilidad se aplica al sitio web\u00a0<b><a href=\"https:\/\/sanivoros.org\/tienda\/\">www.sanivoros.org<\/a><\/b>.<\/p><h2>2. Situaci\u00f3n de cumplimiento<\/h2><p>Este sitio web es parcialmente conforme con el\u00a0<a href=\"https:\/\/www.boe.es\/diario_boe\/txt.php?id=BOE-A-2018-12699\" target=\"_blank\" rel=\"noopener\">RD 1112\/2018<\/a>\u00a0debido a las excepciones y a la falta de conformidad de los aspectos que se indican en el siguiente punto.<\/p><h2>3. Contenido no accesible<\/h2><p>El contenido que se recoge a continuaci\u00f3n no es accesible por lo siguiente:<\/p><p><b>Falta de conformidad con el RD 1112\/2018<\/b><\/p><p>Podr\u00edan existir documentos ofim\u00e1ticos en PDF y otros formatos publicados posteriormente al 20 de septiembre de 2018 que no cumplan en su totalidad los requisitos de accesibilidad. Se pueden solicitar los documentos completamente accesibles desde el formulario de contacto para formalizar quejas y consultas.<\/p><p>Podr\u00edan existir errores de c\u00f3digo puntuales de edici\u00f3n en alguna p\u00e1gina web.<\/p><p><b>Carga desproporcionada<\/b><\/p><p>No aplica.<\/p><p><b>El contenido no entra dentro del \u00e1mbito de la legislaci\u00f3n aplicable<\/b><\/p><p>Podr\u00edan existir archivos ofim\u00e1ticos en PDF u otros formatos publicados antes del 20 de septiembre de 2018 que no cumplan en su totalidad todos los requisitos de accesibilidad. Aunque se ha procurado que la mayor\u00eda de ellos s\u00ed lo cumplan.<\/p><h2>4. Preparaci\u00f3n de esta declaraci\u00f3n de accesibilidad<\/h2><p>La presente declaraci\u00f3n fue preparada el 10 enero 2025.<\/p><p>El m\u00e9todo empleado para preparar la declaraci\u00f3n ha sido una autoevaluaci\u00f3n llevada a cabo por la empresa desarrolladora de la p\u00e1gina web.<\/p><h2>5. Comentarios e informaci\u00f3n de contacto<\/h2><p>Puede realizar comunicaciones sobre requisitos de accesibilidad (art\u00edculo 10.2.a del RD 1112\/2018) como, por ejemplo:<\/p><ul><li>Informar sobre cualquier posible incumplimiento por parte de este sitio web.<\/li><li>Transmitir otras dificultades de acceso al contenido.<\/li><li>Formular cualquier otra consulta o sugerencia de mejora relativa a la accesibilidad del sitio web a trav\u00e9s del formulario de contacto de este sitio web.<\/li><\/ul><p>Puede presentar:<\/p><ul><li>Queja relativa al cumplimiento de los requisitos del RD 1112\/2018 o<\/li><li>Solicitud de Informaci\u00f3n accesible relativa a:<ul><li>Contenidos que est\u00e1n excluidos del \u00e1mbito de aplicaci\u00f3n del RD 1112\/2018 seg\u00fan lo establecido por el art\u00edculo 3, apartado 4.<\/li><li>Contenidos que est\u00e1n exentos del cumplimiento de los requisitos de accesibilidad por imponer una carga desproporcionada.<\/li><\/ul><\/li><\/ul><p>En la Solicitud de informaci\u00f3n accesible, se debe concretar, con toda claridad, los hechos, razones y petici\u00f3n que permitan constatar que se trata de una solicitud razonable y leg\u00edtima.<\/p><p>Las quejas y reclamaciones sobre informaci\u00f3n accesible se realizar\u00e1n a trav\u00e9s de a trav\u00e9s del formulario de contacto de este sitio web.<\/p>\t\t\t\t\t\t<\/div>\n\t\t\t\t<\/div>\n\t\t\t\t\t<\/div>\n\t\t\t\t<\/div>\n\t\t\t\t<\/div>\n\t\t","protected":false},"excerpt":{"rendered":"<p>1. Accesibilidad Este sitio web es accesible, de conformidad con el\u00a0Real Decreto 1112\/2018, de 7 de septiembre, sobre accesibilidad de los sitios web y aplicaciones para dispositivos m\u00f3viles. La presente declaraci\u00f3n de accesibilidad se aplica al sitio web\u00a0www.sanivoros.org. 2. Situaci\u00f3n de cumplimiento Este sitio web es parcialmente conforme con el\u00a0RD 1112\/2018\u00a0debido a las excepciones y [&hellip;]<\/p>\n","protected":false},"author":75,"featured_media":0,"parent":0,"menu_order":0,"comment_status":"closed","ping_status":"closed","template":"","meta":{"_acf_changed":false,"footnotes":""},"class_list":["post-6270","page","type-page","status-publish","hentry"],"acf":[],"yoast_head":"<!-- This site is optimized with the Yoast SEO plugin v24.5 - https:\/\/yoast.com\/wordpress\/plugins\/seo\/ -->\n<title>Declaraci\u00f3n de accesibilidad - Sanivoros<\/title>\n<meta name=\"robots\" content=\"index, follow, max-snippet:-1, max-image-preview:large, max-video-preview:-1\" \/>\n<link rel=\"canonical\" href=\"https:\/\/sanivoros.org\/tienda\/declaracion-de-accesibilidad\/\" \/>\n<meta property=\"og:locale\" content=\"es_ES\" \/>\n<meta property=\"og:type\" content=\"article\" \/>\n<meta property=\"og:title\" content=\"Declaraci\u00f3n de accesibilidad - Sanivoros\" \/>\n<meta property=\"og:description\" content=\"1. Accesibilidad Este sitio web es accesible, de conformidad con el\u00a0Real Decreto 1112\/2018, de 7 de septiembre, sobre accesibilidad de los sitios web y aplicaciones para dispositivos m\u00f3viles. La presente declaraci\u00f3n de accesibilidad se aplica al sitio web\u00a0www.sanivoros.org. 2. Situaci\u00f3n de cumplimiento Este sitio web es parcialmente conforme con el\u00a0RD 1112\/2018\u00a0debido a las excepciones y [&hellip;]\" \/>\n<meta property=\"og:url\" content=\"https:\/\/sanivoros.org\/tienda\/declaracion-de-accesibilidad\/\" \/>\n<meta property=\"og:site_name\" content=\"Sanivoros\" \/>\n<meta property=\"article:modified_time\" content=\"2026-03-16T15:47:18+00:00\" \/>\n<meta name=\"twitter:card\" content=\"summary_large_image\" \/>\n<meta name=\"twitter:label1\" content=\"Tiempo de lectura\" \/>\n\t<meta name=\"twitter:data1\" content=\"2 minutos\" \/>\n<script type=\"application\/ld+json\" class=\"yoast-schema-graph\">{\"@context\":\"https:\/\/schema.org\",\"@graph\":[{\"@type\":\"WebPage\",\"@id\":\"https:\/\/sanivoros.org\/tienda\/declaracion-de-accesibilidad\/\",\"url\":\"https:\/\/sanivoros.org\/tienda\/declaracion-de-accesibilidad\/\",\"name\":\"Declaraci\u00f3n de accesibilidad - Sanivoros\",\"isPartOf\":{\"@id\":\"https:\/\/sanivoros.org\/tienda\/#website\"},\"datePublished\":\"2025-01-10T12:57:02+00:00\",\"dateModified\":\"2026-03-16T15:47:18+00:00\",\"breadcrumb\":{\"@id\":\"https:\/\/sanivoros.org\/tienda\/declaracion-de-accesibilidad\/#breadcrumb\"},\"inLanguage\":\"es\",\"potentialAction\":[{\"@type\":\"ReadAction\",\"target\":[\"https:\/\/sanivoros.org\/tienda\/declaracion-de-accesibilidad\/\"]}]},{\"@type\":\"BreadcrumbList\",\"@id\":\"https:\/\/sanivoros.org\/tienda\/declaracion-de-accesibilidad\/#breadcrumb\",\"itemListElement\":[{\"@type\":\"ListItem\",\"position\":1,\"name\":\"Portada\",\"item\":\"https:\/\/sanivoros.org\/tienda\/\"},{\"@type\":\"ListItem\",\"position\":2,\"name\":\"Declaraci\u00f3n de accesibilidad\"}]},{\"@type\":\"WebSite\",\"@id\":\"https:\/\/sanivoros.org\/tienda\/#website\",\"url\":\"https:\/\/sanivoros.org\/tienda\/\",\"name\":\"Sanivoros\",\"description\":\"\",\"publisher\":{\"@id\":\"https:\/\/sanivoros.org\/tienda\/#organization\"},\"potentialAction\":[{\"@type\":\"SearchAction\",\"target\":{\"@type\":\"EntryPoint\",\"urlTemplate\":\"https:\/\/sanivoros.org\/tienda\/?s={search_term_string}\"},\"query-input\":{\"@type\":\"PropertyValueSpecification\",\"valueRequired\":true,\"valueName\":\"search_term_string\"}}],\"inLanguage\":\"es\"},{\"@type\":\"Organization\",\"@id\":\"https:\/\/sanivoros.org\/tienda\/#organization\",\"name\":\"Sanivoros\",\"url\":\"https:\/\/sanivoros.org\/tienda\/\",\"logo\":{\"@type\":\"ImageObject\",\"inLanguage\":\"es\",\"@id\":\"https:\/\/sanivoros.org\/tienda\/#\/schema\/logo\/image\/\",\"url\":\"https:\/\/sanivoros.org\/tienda\/wp-content\/uploads\/2024\/11\/Sanivoros-logo-retina.png\",\"contentUrl\":\"https:\/\/sanivoros.org\/tienda\/wp-content\/uploads\/2024\/11\/Sanivoros-logo-retina.png\",\"width\":908,\"height\":286,\"caption\":\"Sanivoros\"},\"image\":{\"@id\":\"https:\/\/sanivoros.org\/tienda\/#\/schema\/logo\/image\/\"}}]}<\/script>\n<!-- \/ Yoast SEO plugin. -->","yoast_head_json":{"title":"Declaraci\u00f3n de accesibilidad - Sanivoros","robots":{"index":"index","follow":"follow","max-snippet":"max-snippet:-1","max-image-preview":"max-image-preview:large","max-video-preview":"max-video-preview:-1"},"canonical":"https:\/\/sanivoros.org\/tienda\/declaracion-de-accesibilidad\/","og_locale":"es_ES","og_type":"article","og_title":"Declaraci\u00f3n de accesibilidad - Sanivoros","og_description":"1. Accesibilidad Este sitio web es accesible, de conformidad con el\u00a0Real Decreto 1112\/2018, de 7 de septiembre, sobre accesibilidad de los sitios web y aplicaciones para dispositivos m\u00f3viles. La presente declaraci\u00f3n de accesibilidad se aplica al sitio web\u00a0www.sanivoros.org. 2. Situaci\u00f3n de cumplimiento Este sitio web es parcialmente conforme con el\u00a0RD 1112\/2018\u00a0debido a las excepciones y [&hellip;]","og_url":"https:\/\/sanivoros.org\/tienda\/declaracion-de-accesibilidad\/","og_site_name":"Sanivoros","article_modified_time":"2026-03-16T15:47:18+00:00","twitter_card":"summary_large_image","twitter_misc":{"Tiempo de lectura":"2 minutos"},"schema":{"@context":"https:\/\/schema.org","@graph":[{"@type":"WebPage","@id":"https:\/\/sanivoros.org\/tienda\/declaracion-de-accesibilidad\/","url":"https:\/\/sanivoros.org\/tienda\/declaracion-de-accesibilidad\/","name":"Declaraci\u00f3n de accesibilidad - Sanivoros","isPartOf":{"@id":"https:\/\/sanivoros.org\/tienda\/#website"},"datePublished":"2025-01-10T12:57:02+00:00","dateModified":"2026-03-16T15:47:18+00:00","breadcrumb":{"@id":"https:\/\/sanivoros.org\/tienda\/declaracion-de-accesibilidad\/#breadcrumb"},"inLanguage":"es","potentialAction":[{"@type":"ReadAction","target":["https:\/\/sanivoros.org\/tienda\/declaracion-de-accesibilidad\/"]}]},{"@type":"BreadcrumbList","@id":"https:\/\/sanivoros.org\/tienda\/declaracion-de-accesibilidad\/#breadcrumb","itemListElement":[{"@type":"ListItem","position":1,"name":"Portada","item":"https:\/\/sanivoros.org\/tienda\/"},{"@type":"ListItem","position":2,"name":"Declaraci\u00f3n de accesibilidad"}]},{"@type":"WebSite","@id":"https:\/\/sanivoros.org\/tienda\/#website","url":"https:\/\/sanivoros.org\/tienda\/","name":"Sanivoros","description":"","publisher":{"@id":"https:\/\/sanivoros.org\/tienda\/#organization"},"potentialAction":[{"@type":"SearchAction","target":{"@type":"EntryPoint","urlTemplate":"https:\/\/sanivoros.org\/tienda\/?s={search_term_string}"},"query-input":{"@type":"PropertyValueSpecification","valueRequired":true,"valueName":"search_term_string"}}],"inLanguage":"es"},{"@type":"Organization","@id":"https:\/\/sanivoros.org\/tienda\/#organization","name":"Sanivoros","url":"https:\/\/sanivoros.org\/tienda\/","logo":{"@type":"ImageObject","inLanguage":"es","@id":"https:\/\/sanivoros.org\/tienda\/#\/schema\/logo\/image\/","url":"https:\/\/sanivoros.org\/tienda\/wp-content\/uploads\/2024\/11\/Sanivoros-logo-retina.png","contentUrl":"https:\/\/sanivoros.org\/tienda\/wp-content\/uploads\/2024\/11\/Sanivoros-logo-retina.png","width":908,"height":286,"caption":"Sanivoros"},"image":{"@id":"https:\/\/sanivoros.org\/tienda\/#\/schema\/logo\/image\/"}}]}},"publishpress_future_action":{"enabled":false,"date":"2026-05-14 10:58:58","action":"change-status","newStatus":"draft","terms":[],"taxonomy":"language"},"publishpress_future_workflow_manual_trigger":{"enabledWorkflows":[]},"_links":{"self":[{"href":"https:\/\/sanivoros.org\/tienda\/wp-json\/wp\/v2\/pages\/6270","targetHints":{"allow":["GET"]}}],"collection":[{"href":"https:\/\/sanivoros.org\/tienda\/wp-json\/wp\/v2\/pages"}],"about":[{"href":"https:\/\/sanivoros.org\/tienda\/wp-json\/wp\/v2\/types\/page"}],"author":[{"embeddable":true,"href":"https:\/\/sanivoros.org\/tienda\/wp-json\/wp\/v2\/users\/75"}],"replies":[{"embeddable":true,"href":"https:\/\/sanivoros.org\/tienda\/wp-json\/wp\/v2\/comments?post=6270"}],"version-history":[{"count":12,"href":"https:\/\/sanivoros.org\/tienda\/wp-json\/wp\/v2\/pages\/6270\/revisions"}],"predecessor-version":[{"id":8948,"href":"https:\/\/sanivoros.org\/tienda\/wp-json\/wp\/v2\/pages\/6270\/revisions\/8948"}],"wp:attachment":[{"href":"https:\/\/sanivoros.org\/tienda\/wp-json\/wp\/v2\/media?parent=6270"}],"curies":[{"name":"wp","href":"https:\/\/api.w.org\/{rel}","templated":true}]}}