{"id":3,"date":"2024-07-24T09:18:54","date_gmt":"2024-07-24T07:18:54","guid":{"rendered":"https:\/\/sanivoros.org\/tienda\/?page_id=3"},"modified":"2026-03-16T17:00:07","modified_gmt":"2026-03-16T16:00:07","slug":"politica-privacidad","status":"publish","type":"page","link":"https:\/\/sanivoros.org\/tienda\/politica-privacidad\/","title":{"rendered":"Pol\u00edtica de privacidad"},"content":{"rendered":"\t\t<div data-elementor-type=\"wp-page\" data-elementor-id=\"3\" class=\"elementor elementor-3\" data-elementor-settings=\"{&quot;element_pack_global_tooltip_width&quot;:{&quot;unit&quot;:&quot;px&quot;,&quot;size&quot;:&quot;&quot;,&quot;sizes&quot;:[]},&quot;element_pack_global_tooltip_width_tablet&quot;:{&quot;unit&quot;:&quot;px&quot;,&quot;size&quot;:&quot;&quot;,&quot;sizes&quot;:[]},&quot;element_pack_global_tooltip_width_mobile&quot;:{&quot;unit&quot;:&quot;px&quot;,&quot;size&quot;:&quot;&quot;,&quot;sizes&quot;:[]},&quot;element_pack_global_tooltip_padding&quot;:{&quot;unit&quot;:&quot;px&quot;,&quot;top&quot;:&quot;&quot;,&quot;right&quot;:&quot;&quot;,&quot;bottom&quot;:&quot;&quot;,&quot;left&quot;:&quot;&quot;,&quot;isLinked&quot;:true},&quot;element_pack_global_tooltip_padding_tablet&quot;:{&quot;unit&quot;:&quot;px&quot;,&quot;top&quot;:&quot;&quot;,&quot;right&quot;:&quot;&quot;,&quot;bottom&quot;:&quot;&quot;,&quot;left&quot;:&quot;&quot;,&quot;isLinked&quot;:true},&quot;element_pack_global_tooltip_padding_mobile&quot;:{&quot;unit&quot;:&quot;px&quot;,&quot;top&quot;:&quot;&quot;,&quot;right&quot;:&quot;&quot;,&quot;bottom&quot;:&quot;&quot;,&quot;left&quot;:&quot;&quot;,&quot;isLinked&quot;:true},&quot;element_pack_global_tooltip_border_radius&quot;:{&quot;unit&quot;:&quot;px&quot;,&quot;top&quot;:&quot;&quot;,&quot;right&quot;:&quot;&quot;,&quot;bottom&quot;:&quot;&quot;,&quot;left&quot;:&quot;&quot;,&quot;isLinked&quot;:true},&quot;element_pack_global_tooltip_border_radius_tablet&quot;:{&quot;unit&quot;:&quot;px&quot;,&quot;top&quot;:&quot;&quot;,&quot;right&quot;:&quot;&quot;,&quot;bottom&quot;:&quot;&quot;,&quot;left&quot;:&quot;&quot;,&quot;isLinked&quot;:true},&quot;element_pack_global_tooltip_border_radius_mobile&quot;:{&quot;unit&quot;:&quot;px&quot;,&quot;top&quot;:&quot;&quot;,&quot;right&quot;:&quot;&quot;,&quot;bottom&quot;:&quot;&quot;,&quot;left&quot;:&quot;&quot;,&quot;isLinked&quot;:true}}\" data-elementor-post-type=\"page\">\n\t\t\t\t<div class=\"elementor-element elementor-element-269bb1cf e-flex e-con-boxed e-con e-parent\" data-id=\"269bb1cf\" data-element_type=\"container\">\n\t\t\t\t\t<div class=\"e-con-inner\">\n\t\t\t\t<div class=\"elementor-element elementor-element-2bfb26b8 elementor-widget elementor-widget-text-editor\" data-id=\"2bfb26b8\" data-element_type=\"widget\" data-widget_type=\"text-editor.default\">\n\t\t\t\t<div class=\"elementor-widget-container\">\n\t\t\t\t\t\t\t<!-- wp:heading -->\n<h2 class=\"western\"><span style=\"font-size: medium;\"><b>INFORMACI\u00d3N AL USUARIO<\/b><\/span><\/h2>\n<p><span style=\"font-size: medium;\">SANIVOROS.ORG, como Responsable del Tratamiento le informa que, seg\u00fan lo dispuesto en el Reglamento (UE) 2016\/679, de 27 de abril de 2016, de protecci\u00f3n de datos personales (RGPD), trataremos su datos tal y como reflejamos en la presente Pol\u00edtica de Privacidad.<\/span><\/p>\n<p><span style=\"font-size: medium;\">En esta Pol\u00edtica de Privacidad describimos c\u00f3mo recogemos sus datos personales y por qu\u00e9 los recogemos, qu\u00e9 hacemos con ellos, con qui\u00e9n los compartimos, c\u00f3mo los protegemos y sus opciones en cuanto al tratamiento de sus datos personales.<\/span><\/p>\n<p><span style=\"font-size: medium;\">Esta Pol\u00edtica se aplica al tratamiento de sus datos personales recogidos por la empresa para la prestaci\u00f3n de sus servicios. Si acepta las medidas de esta Pol\u00edtica, acepta que tratemos sus datos personales como se define en esta Pol\u00edtica.<\/span><\/p>\n<p><span style=\"font-size: medium;\"><b>CONTACTO<\/b><\/span><\/p>\n<p><span style=\"font-size: medium;\">Las tres empresas que conforman el grupo San\u00edvoros son las siguientes:<br \/><br \/>HISPANIA TRUST ENTERPRISE SLU (SANIVOROS.ORG)<br \/><br \/>CIF: B36557353<br \/><br \/>Domicilio social: Calle de Vigo 30, \u00c1tico BC escalera 2, 36960 Sanxenxo, Pontevedra<br \/><br \/>SANIVOROS SELECTION S.L. (TIENDA F\u00cdSICA)<br \/><br \/>CIF: B70625066<br \/><br \/>Domicilio social: Calle Progreso 8, 36960 Sanxenxo, Pontevedra<br \/><br \/>SANIVOROS S.L. (ALDEA)<br \/><br \/>CIF: B56569262<br \/><br \/>Domicilio social: Lugar Outeiro 11, 36966 Sanxenxo, Pontevedra<br \/><br \/>Tel\u00e9fono general: 694 229 194<br \/>Correo electr\u00f3nico general: info@sanivoros.org<\/span><\/p>\n<p><span style=\"font-size: medium;\"><b>PRINCIPIOS CLAVE<br \/><\/b><\/span><span style=\"font-size: medium;\">Siempre hemos estado comprometidos con prestar nuestros servicios con el m\u00e1s alto grado de calidad, lo que incluye tratar sus datos con seguridad y transparencia. Nuestros principios son:<\/span><\/p>\n<ul>\n<li>\n<p><span style=\"font-size: medium;\"><b>Legalidad<\/b><\/span><span style=\"font-size: medium;\">: Solo recopilaremos sus Datos personales para fines espec\u00edficos, expl\u00edcitos y leg\u00edtimos.<\/span><\/p>\n<\/li>\n<li>\n<p><span style=\"font-size: medium;\"><b>Minimizaci\u00f3n de datos<\/b><\/span><span style=\"font-size: medium;\">: Limitamos la recogida de datos de car\u00e1cter personal a lo que es estrictamente relevante y necesario para los fines para los que se han recopilado.<\/span><\/p>\n<\/li>\n<li>\n<p><span style=\"font-size: medium;\"><b>Limitaci\u00f3n de la Finalidad<\/b><\/span><span style=\"font-size: medium;\">: Solo recogeremos sus datos personales para los fines declarados y solo seg\u00fan sus deseos.<\/span><\/p>\n<\/li>\n<li>\n<p><span style=\"font-size: medium;\"><b>Precisi\u00f3n<\/b><\/span><span style=\"font-size: medium;\">: Mantendremos sus datos personales exactos y actualizados.<\/span><\/p>\n<\/li>\n<li>\n<p><span style=\"font-size: medium;\"><b>Seguridad de los Datos<\/b><\/span><span style=\"font-size: medium;\">: Aplicamos las medidas t\u00e9cnicas y organizativas adecuadas y proporcionales a los riesgos para garantizar que sus datos no sufran da\u00f1os, tales como divulgaci\u00f3n o acceso no autorizado, la destrucci\u00f3n accidental o il\u00edcita o su p\u00e9rdida accidental o alteraci\u00f3n y cualquier otra forma de tratamiento il\u00edcito.<\/span><\/p>\n<\/li>\n<li>\n<p><span style=\"font-size: medium;\"><b>Acceso y Rectificaci\u00f3n<\/b><\/span><span style=\"font-size: medium;\">: Disponemos de medios para que acceda o rectifique sus datos cuando lo considere oportuno.<\/span><\/p>\n<\/li>\n<li>\n<p><span style=\"font-size: medium;\"><b>Conservaci\u00f3n<\/b><\/span><span style=\"font-size: medium;\">: Conservamos sus datos personales de manera legal y apropiada y solo mientras es necesario para los fines para los que se han recopilado.<\/span><\/p>\n<\/li>\n<li>\n<p><span style=\"font-size: medium;\"><b>Las transferencias internacionales<\/b><\/span><span style=\"font-size: medium;\">: cuando se d\u00e9 el caso de que sus datos vayan a ser transferidos fuera de la UE\/EEE se proteger\u00e1n adecuadamente.<\/span><\/p>\n<\/li>\n<li>\n<p><span style=\"font-size: medium;\"><b>Terceros<\/b><\/span><span style=\"font-size: medium;\">: El acceso y transferencia de datos personales a terceros se llevan a cabo de acuerdo con las leyes y reglamentos aplicables y con las garant\u00edas contractuales adecuadas.<\/span><\/p>\n<\/li>\n<li>\n<p><span style=\"font-size: medium;\"><b>Marketing Directo y cookies<\/b><\/span><span style=\"font-size: medium;\">: Cumplimos con la legislaci\u00f3n aplicable en materia de publicidad y cookies.<\/span><\/p>\n<\/li>\n<\/ul>\n<p><span style=\"font-size: medium;\"><b>RECOGIDA Y TRATAMIENTO DE SUS DATOS PERSONALES<br \/><\/b><\/span><span style=\"font-size: medium;\">Las tipos de datos que se solicitan y tratan son:<\/span><\/p>\n<ul>\n<li>\n<p><span style=\"font-size: medium;\">Datos de car\u00e1cter identificativo, de caracter\u00edsticas personales y de circunstancias sociales.<\/span><\/p>\n<\/li>\n<li>\n<p><span style=\"font-size: medium;\">Datos econ\u00f3micos, en su caso.<\/span><\/p>\n<\/li>\n<\/ul>\n<p><span style=\"font-size: medium;\">Tambi\u00e9n recogemos de forma autom\u00e1tica datos sobre su visita a nuestro sitio web seg\u00fan se describe en la secci\u00f3n \u201cUso de cookies\u201d m\u00e1s adelante.<\/span><\/p>\n<p><span style=\"font-size: medium;\">Siempre que solicitemos sus Datos personales, le informaremos con claridad de qu\u00e9 datos personales recogemos y con qu\u00e9 fin. En general, recogemos y tratamos sus datos personales con el prop\u00f3sito de:<\/span><\/p>\n<ul>\n<li>\n<p><span style=\"font-size: medium;\">Proporcionar informaci\u00f3n sobre nuestros productos y servicios.<\/span><\/p>\n<\/li>\n<li>\n<p><span style=\"font-size: medium;\">Prestar nuestros servicios.<\/span><\/p>\n<\/li>\n<li>\n<p><span style=\"font-size: medium;\">Responder a sus consultas y solicitudes.<\/span><\/p>\n<\/li>\n<\/ul>\n<p><span style=\"font-size: medium;\"><b>LEGITIMIDAD<\/b><\/span><\/p>\n<p><span style=\"font-size: medium;\">De acuerdo con la normativa de protecci\u00f3n de datos aplicable, sus datos personales pueden procesarse si:<\/span><\/p>\n<ul>\n<li>\n<p><span style=\"font-size: medium;\">Nos ha dado su consentimiento a los efectos del tratamiento. Por supuesto, podr\u00e1 retirar su consentimiento en cualquier momento.<\/span><\/p>\n<\/li>\n<li>\n<p><span style=\"font-size: medium;\">Es necesario para la prestaci\u00f3n de alguno de nuestros servicios mediante relaci\u00f3n contractual entre usted y nosotros.<\/span><\/p>\n<\/li>\n<li>\n<p><span style=\"font-size: medium;\">Con dicho tratamiento, buscamos un inter\u00e9s leg\u00edtimo que no se vea menoscabado por sus derechos de privacidad. Dicho inter\u00e9s leg\u00edtimo se le comunicar\u00e1 debidamente en el aviso de privacidad relacionado con ese tratamiento en particular.<\/span><\/p>\n<\/li>\n<li>\n<p><span style=\"font-size: medium;\">El tratamiento es necesario para cumplir con una obligaci\u00f3n legal aplicable al responsable del tratamiento.<\/span><\/p>\n<\/li>\n<\/ul>\n<p><span style=\"font-size: medium;\"><b>SUS DERECHOS<\/b><\/span><\/p>\n<p><span style=\"font-size: medium;\">En relaci\u00f3n con la recogida y tratamiento de sus datos personales, puede ponerse en contacto con nosotros en cualquier momento para:<\/span><\/p>\n<ul>\n<li>\n<p><span style=\"font-size: medium;\">Saber si tratamos sus datos personales.<\/span><\/p>\n<\/li>\n<li>\n<p><span style=\"font-size: medium;\">Acceder a sus datos personales y a cualquier otra informaci\u00f3n indicada en el Art\u00edculo 15.1 del RGPD.<\/span><\/p>\n<\/li>\n<li>\n<p><span style=\"font-size: medium;\">Rectificar sus datos personales que sean inexactos o est\u00e9n incompletos de acuerdo con el Art\u00edculo 16 del RGPD.<\/span><\/p>\n<\/li>\n<li>\n<p><span style=\"font-size: medium;\">Suprimir sus datos personales de acuerdo con el Art\u00edculo 17 del RGPD.<\/span><\/p>\n<\/li>\n<li>\n<p><span style=\"font-size: medium;\">Limitar el tratamiento de sus datos personales de acuerdo con el Art\u00edculo 18 del RGPD.<\/span><\/p>\n<\/li>\n<li>\n<p><span style=\"font-size: medium;\">Solicitar la portabilidad de sus datos de acuerdo con el Art\u00edculo 20 del RGPD.<\/span><\/p>\n<\/li>\n<li>\n<p><span style=\"font-size: medium;\">Oponerse al tratamiento de sus datos personales de acuerdo con el art\u00edculo 21 del RGPD.<\/span><\/p>\n<\/li>\n<\/ul>\n<p><span style=\"font-size: medium;\">Si ha otorgado su consentimiento para alguna finalidad concreta, tiene derecho a retirar el consentimiento otorgado en cualquier momento, sin que ello afecte a la licitud del tratamiento basado en el consentimiento previo a su retirada. Para ejercer sus derechos puede enviarnos una comunicaci\u00f3n a info@sanivoros.org indicando el derecho que desea ejercer.<\/span><\/p>\n<p><span style=\"font-size: medium;\"><b>INFORMACI\u00d3N LEGAL<br \/><\/b><\/span><span style=\"font-size: medium;\">Los requisitos de esta Pol\u00edtica complementan, y no reemplazan, cualquier otro requisito existente bajo la ley de protecci\u00f3n de datos aplicable, que ser\u00e1 la que prevalezca en cualquier caso.<\/span><\/p>\n<p><span style=\"font-size: medium;\">Esta Pol\u00edtica est\u00e1 sujeta a revisiones peri\u00f3dicas y la empresa puede modificarla en cualquier momento. Cuando esto ocurra, le avisaremos de cualquier cambio y le pediremos que vuelva a leer la versi\u00f3n m\u00e1s reciente de nuestra Pol\u00edtica y que confirme su aceptaci\u00f3n.<\/span><\/p>\n<p><span style=\"font-size: medium;\"><b>MODIFICACIONES Y ACTUALIZACIONES<\/b><\/span><\/p>\n<p><span style=\"font-size: medium;\">Esta pol\u00edtica puede ser revisada peri\u00f3dicamente. En caso de cambios significativos, se lo notificaremos a trav\u00e9s de nuestro sitio web o por otros medios.<\/span><\/p>\n<p><span style=\"font-size: medium;\"><b>INFORMACI\u00d3N DE INTER\u00c9S<br \/><\/b><\/span><span style=\"font-size: medium;\">Si quiere o necesita acceder a nuestras hojas de reclamaciones, solo tiene que ponerse en contacto con nosotros a trav\u00e9s del siguiente email: info@sanivoros.org y le daremos informaci\u00f3n detallada.<\/span><\/p>\n<p><span style=\"font-size: medium;\">As\u00ed mismo, si necesita gestionar alg\u00fan tipo de queja, deber\u00e1 enviarnos un correo electr\u00f3nico a la misma direcci\u00f3n info@sanivoros.org para poder atenderla con la m\u00e1xima celeridad posible.<\/span><\/p>\t\t\t\t\t\t<\/div>\n\t\t\t\t<\/div>\n\t\t\t\t\t<\/div>\n\t\t\t\t<\/div>\n\t\t\t\t<\/div>\n\t\t","protected":false},"excerpt":{"rendered":"<p>INFORMACI\u00d3N AL USUARIO SANIVOROS.ORG, como Responsable del Tratamiento le informa que, seg\u00fan lo dispuesto en el Reglamento (UE) 2016\/679, de 27 de abril de 2016, de protecci\u00f3n de datos personales (RGPD), trataremos su datos tal y como reflejamos en la presente Pol\u00edtica de Privacidad. En esta Pol\u00edtica de Privacidad describimos c\u00f3mo recogemos sus datos personales [&hellip;]<\/p>\n","protected":false},"author":1,"featured_media":0,"parent":0,"menu_order":0,"comment_status":"closed","ping_status":"closed","template":"","meta":{"_acf_changed":false,"footnotes":""},"class_list":["post-3","page","type-page","status-publish","hentry"],"acf":[],"yoast_head":"<!-- This site is optimized with the Yoast SEO plugin v24.5 - https:\/\/yoast.com\/wordpress\/plugins\/seo\/ -->\n<title>Pol\u00edtica de privacidad - Sanivoros<\/title>\n<meta name=\"robots\" content=\"index, follow, max-snippet:-1, max-image-preview:large, max-video-preview:-1\" \/>\n<link rel=\"canonical\" href=\"https:\/\/sanivoros.org\/tienda\/politica-privacidad\/\" \/>\n<meta property=\"og:locale\" content=\"es_ES\" \/>\n<meta property=\"og:type\" content=\"article\" \/>\n<meta property=\"og:title\" content=\"Pol\u00edtica de privacidad - Sanivoros\" \/>\n<meta property=\"og:description\" content=\"INFORMACI\u00d3N AL USUARIO SANIVOROS.ORG, como Responsable del Tratamiento le informa que, seg\u00fan lo dispuesto en el Reglamento (UE) 2016\/679, de 27 de abril de 2016, de protecci\u00f3n de datos personales (RGPD), trataremos su datos tal y como reflejamos en la presente Pol\u00edtica de Privacidad. En esta Pol\u00edtica de Privacidad describimos c\u00f3mo recogemos sus datos personales [&hellip;]\" \/>\n<meta property=\"og:url\" content=\"https:\/\/sanivoros.org\/tienda\/politica-privacidad\/\" \/>\n<meta property=\"og:site_name\" content=\"Sanivoros\" \/>\n<meta property=\"article:modified_time\" content=\"2026-03-16T16:00:07+00:00\" \/>\n<meta name=\"twitter:card\" content=\"summary_large_image\" \/>\n<meta name=\"twitter:label1\" content=\"Tiempo de lectura\" \/>\n\t<meta name=\"twitter:data1\" content=\"5 minutos\" \/>\n<script type=\"application\/ld+json\" class=\"yoast-schema-graph\">{\"@context\":\"https:\/\/schema.org\",\"@graph\":[{\"@type\":\"WebPage\",\"@id\":\"https:\/\/sanivoros.org\/tienda\/politica-privacidad\/\",\"url\":\"https:\/\/sanivoros.org\/tienda\/politica-privacidad\/\",\"name\":\"Pol\u00edtica de privacidad - Sanivoros\",\"isPartOf\":{\"@id\":\"https:\/\/sanivoros.org\/tienda\/#website\"},\"datePublished\":\"2024-07-24T07:18:54+00:00\",\"dateModified\":\"2026-03-16T16:00:07+00:00\",\"breadcrumb\":{\"@id\":\"https:\/\/sanivoros.org\/tienda\/politica-privacidad\/#breadcrumb\"},\"inLanguage\":\"es\",\"potentialAction\":[{\"@type\":\"ReadAction\",\"target\":[\"https:\/\/sanivoros.org\/tienda\/politica-privacidad\/\"]}]},{\"@type\":\"BreadcrumbList\",\"@id\":\"https:\/\/sanivoros.org\/tienda\/politica-privacidad\/#breadcrumb\",\"itemListElement\":[{\"@type\":\"ListItem\",\"position\":1,\"name\":\"Portada\",\"item\":\"https:\/\/sanivoros.org\/tienda\/\"},{\"@type\":\"ListItem\",\"position\":2,\"name\":\"Pol\u00edtica de privacidad\"}]},{\"@type\":\"WebSite\",\"@id\":\"https:\/\/sanivoros.org\/tienda\/#website\",\"url\":\"https:\/\/sanivoros.org\/tienda\/\",\"name\":\"Sanivoros\",\"description\":\"\",\"publisher\":{\"@id\":\"https:\/\/sanivoros.org\/tienda\/#organization\"},\"potentialAction\":[{\"@type\":\"SearchAction\",\"target\":{\"@type\":\"EntryPoint\",\"urlTemplate\":\"https:\/\/sanivoros.org\/tienda\/?s={search_term_string}\"},\"query-input\":{\"@type\":\"PropertyValueSpecification\",\"valueRequired\":true,\"valueName\":\"search_term_string\"}}],\"inLanguage\":\"es\"},{\"@type\":\"Organization\",\"@id\":\"https:\/\/sanivoros.org\/tienda\/#organization\",\"name\":\"Sanivoros\",\"url\":\"https:\/\/sanivoros.org\/tienda\/\",\"logo\":{\"@type\":\"ImageObject\",\"inLanguage\":\"es\",\"@id\":\"https:\/\/sanivoros.org\/tienda\/#\/schema\/logo\/image\/\",\"url\":\"https:\/\/sanivoros.org\/tienda\/wp-content\/uploads\/2024\/11\/Sanivoros-logo-retina.png\",\"contentUrl\":\"https:\/\/sanivoros.org\/tienda\/wp-content\/uploads\/2024\/11\/Sanivoros-logo-retina.png\",\"width\":908,\"height\":286,\"caption\":\"Sanivoros\"},\"image\":{\"@id\":\"https:\/\/sanivoros.org\/tienda\/#\/schema\/logo\/image\/\"}}]}<\/script>\n<!-- \/ Yoast SEO plugin. -->","yoast_head_json":{"title":"Pol\u00edtica de privacidad - Sanivoros","robots":{"index":"index","follow":"follow","max-snippet":"max-snippet:-1","max-image-preview":"max-image-preview:large","max-video-preview":"max-video-preview:-1"},"canonical":"https:\/\/sanivoros.org\/tienda\/politica-privacidad\/","og_locale":"es_ES","og_type":"article","og_title":"Pol\u00edtica de privacidad - Sanivoros","og_description":"INFORMACI\u00d3N AL USUARIO SANIVOROS.ORG, como Responsable del Tratamiento le informa que, seg\u00fan lo dispuesto en el Reglamento (UE) 2016\/679, de 27 de abril de 2016, de protecci\u00f3n de datos personales (RGPD), trataremos su datos tal y como reflejamos en la presente Pol\u00edtica de Privacidad. En esta Pol\u00edtica de Privacidad describimos c\u00f3mo recogemos sus datos personales [&hellip;]","og_url":"https:\/\/sanivoros.org\/tienda\/politica-privacidad\/","og_site_name":"Sanivoros","article_modified_time":"2026-03-16T16:00:07+00:00","twitter_card":"summary_large_image","twitter_misc":{"Tiempo de lectura":"5 minutos"},"schema":{"@context":"https:\/\/schema.org","@graph":[{"@type":"WebPage","@id":"https:\/\/sanivoros.org\/tienda\/politica-privacidad\/","url":"https:\/\/sanivoros.org\/tienda\/politica-privacidad\/","name":"Pol\u00edtica de privacidad - Sanivoros","isPartOf":{"@id":"https:\/\/sanivoros.org\/tienda\/#website"},"datePublished":"2024-07-24T07:18:54+00:00","dateModified":"2026-03-16T16:00:07+00:00","breadcrumb":{"@id":"https:\/\/sanivoros.org\/tienda\/politica-privacidad\/#breadcrumb"},"inLanguage":"es","potentialAction":[{"@type":"ReadAction","target":["https:\/\/sanivoros.org\/tienda\/politica-privacidad\/"]}]},{"@type":"BreadcrumbList","@id":"https:\/\/sanivoros.org\/tienda\/politica-privacidad\/#breadcrumb","itemListElement":[{"@type":"ListItem","position":1,"name":"Portada","item":"https:\/\/sanivoros.org\/tienda\/"},{"@type":"ListItem","position":2,"name":"Pol\u00edtica de privacidad"}]},{"@type":"WebSite","@id":"https:\/\/sanivoros.org\/tienda\/#website","url":"https:\/\/sanivoros.org\/tienda\/","name":"Sanivoros","description":"","publisher":{"@id":"https:\/\/sanivoros.org\/tienda\/#organization"},"potentialAction":[{"@type":"SearchAction","target":{"@type":"EntryPoint","urlTemplate":"https:\/\/sanivoros.org\/tienda\/?s={search_term_string}"},"query-input":{"@type":"PropertyValueSpecification","valueRequired":true,"valueName":"search_term_string"}}],"inLanguage":"es"},{"@type":"Organization","@id":"https:\/\/sanivoros.org\/tienda\/#organization","name":"Sanivoros","url":"https:\/\/sanivoros.org\/tienda\/","logo":{"@type":"ImageObject","inLanguage":"es","@id":"https:\/\/sanivoros.org\/tienda\/#\/schema\/logo\/image\/","url":"https:\/\/sanivoros.org\/tienda\/wp-content\/uploads\/2024\/11\/Sanivoros-logo-retina.png","contentUrl":"https:\/\/sanivoros.org\/tienda\/wp-content\/uploads\/2024\/11\/Sanivoros-logo-retina.png","width":908,"height":286,"caption":"Sanivoros"},"image":{"@id":"https:\/\/sanivoros.org\/tienda\/#\/schema\/logo\/image\/"}}]}},"publishpress_future_action":{"enabled":false,"date":"2026-04-22 03:48:37","action":"change-status","newStatus":"draft","terms":[],"taxonomy":"language"},"publishpress_future_workflow_manual_trigger":{"enabledWorkflows":[]},"_links":{"self":[{"href":"https:\/\/sanivoros.org\/tienda\/wp-json\/wp\/v2\/pages\/3","targetHints":{"allow":["GET"]}}],"collection":[{"href":"https:\/\/sanivoros.org\/tienda\/wp-json\/wp\/v2\/pages"}],"about":[{"href":"https:\/\/sanivoros.org\/tienda\/wp-json\/wp\/v2\/types\/page"}],"author":[{"embeddable":true,"href":"https:\/\/sanivoros.org\/tienda\/wp-json\/wp\/v2\/users\/1"}],"replies":[{"embeddable":true,"href":"https:\/\/sanivoros.org\/tienda\/wp-json\/wp\/v2\/comments?post=3"}],"version-history":[{"count":7,"href":"https:\/\/sanivoros.org\/tienda\/wp-json\/wp\/v2\/pages\/3\/revisions"}],"predecessor-version":[{"id":8962,"href":"https:\/\/sanivoros.org\/tienda\/wp-json\/wp\/v2\/pages\/3\/revisions\/8962"}],"wp:attachment":[{"href":"https:\/\/sanivoros.org\/tienda\/wp-json\/wp\/v2\/media?parent=3"}],"curies":[{"name":"wp","href":"https:\/\/api.w.org\/{rel}","templated":true}]}}